{"id":231045,"date":"2025-12-02T11:57:50","date_gmt":"2025-12-02T10:57:50","guid":{"rendered":"https:\/\/yogacsa.com\/politica-de-cookies\/"},"modified":"2026-03-16T17:15:56","modified_gmt":"2026-03-16T16:15:56","slug":"politica-de-cookies","status":"publish","type":"page","link":"https:\/\/yogacsa.com\/ca\/politica-de-cookies\/","title":{"rendered":"Pol\u00edtica de cookies"},"content":{"rendered":"<p>[et_pb_section fb_built=&#8221;1&#8243; admin_label=&#8221;section&#8221; _builder_version=&#8221;4.27.5&#8243; background_color=&#8221;rgba(0,0,0,0.2)&#8221; background_image=&#8221;https:\/\/yogacsa.com\/wp-content\/uploads\/2026\/01\/yoga-csa-banner-home-scaled.webp&#8221; background_position=&#8221;bottom_center&#8221; background_vertical_offset=&#8221;15%&#8221; background_blend=&#8221;overlay&#8221; height=&#8221;450px&#8221; max_height=&#8221;450px&#8221; bottom_divider_color=&#8221;#FFFFFF&#8221; bottom_divider_height=&#8221;40px&#8221; bottom_divider_repeat=&#8221;1x&#8221; bottom_divider_arrangement=&#8221;above_content&#8221; hover_enabled=&#8221;0&#8243; background_last_edited=&#8221;on|phone&#8221; background_position_phone=&#8221;center_right&#8221; background_horizontal_offset_phone=&#8221;34%&#8221; global_colors_info=&#8221;{}&#8221; sticky_enabled=&#8221;0&#8243;][et_pb_row admin_label=&#8221;row&#8221; _builder_version=&#8221;4.16&#8243; background_size=&#8221;initial&#8221; background_position=&#8221;top_left&#8221; background_repeat=&#8221;repeat&#8221; global_colors_info=&#8221;{}&#8221;][et_pb_column type=&#8221;4_4&#8243; _builder_version=&#8221;4.16&#8243; custom_padding=&#8221;|||&#8221; global_colors_info=&#8221;{}&#8221; custom_padding__hover=&#8221;|||&#8221;][et_pb_text _builder_version=&#8221;4.27.4&#8243; _module_preset=&#8221;default&#8221; header_font=&#8221;|||on|||||&#8221; header_text_align=&#8221;center&#8221; header_text_color=&#8221;#ebb393&#8243; header_font_size=&#8221;50px&#8221; global_colors_info=&#8221;{}&#8221;]<\/p>\n<h1>Pol\u00edtica de cookies<\/h1>\n<p>[\/et_pb_text][\/et_pb_column][\/et_pb_row][\/et_pb_section][et_pb_section fb_built=&#8221;1&#8243; _builder_version=&#8221;4.27.4&#8243; _module_preset=&#8221;default&#8221; global_colors_info=&#8221;{}&#8221;][et_pb_row _builder_version=&#8221;4.27.4&#8243; _module_preset=&#8221;default&#8221; global_colors_info=&#8221;{}&#8221;][et_pb_column type=&#8221;4_4&#8243; _builder_version=&#8221;4.27.4&#8243; _module_preset=&#8221;default&#8221; global_colors_info=&#8221;{}&#8221;][et_pb_text _builder_version=&#8221;4.27.5&#8243; _module_preset=&#8221;default&#8221; global_colors_info=&#8221;{}&#8221;]<\/p>\n<p>Este sitio web, al igual que la mayor\u00eda de los sitios web en Internet, utiliza cookies tanto propias como de terceros, as\u00ed como otras tecnolog\u00edas an\u00e1logas, lo que implica la realizaci\u00f3n de tratamientos de datos de car\u00e1cter personal con arreglo a la normativa europea y espa\u00f1ola aplicables. A continuaci\u00f3n, se proporciona informaci\u00f3n b\u00e1sica o esencial sobre las cookies que empleamos nosotros y nuestros socios de forma espec\u00edfica, y c\u00f3mo gestionar sus opciones de consentimiento y rechazo. <\/p>\n<p>Si voleu contactar amb nosaltres respecte a la nostra pol\u00edtica de galetes, podeu fer-ho a info@yogacsa.com.<\/p>\n<h2>Qu\u00e8 s\u00f3n les cookies?<\/h2>\n<p>Les galetes s\u00f3n petits fitxers que s&#8217;envien i s&#8217;emmagatzemen a l&#8217;equip terminal de l&#8217;usuari a trav\u00e9s del seu navegador quan es connecta a un lloc web.<\/p>\n<p>Les galetes es poden utilitzar per recollir i emmagatzemar dades d&#8217;usuari mentre estan connectats per facilitar els serveis sol\u00b7licitats, i normalment no s&#8217;emmagatzemen (galetes de sessi\u00f3), o per emmagatzemar dades d&#8217;usuari per a altres tipus de serveis futurs, i es poden emmagatzemar indefinidament (galetes persistents). Les galetes poden ser de primera part o de tercers. <\/p>\n<p>Les seves funcions poden ser molt variades: emmagatzemar les teves prefer\u00e8ncies de navegaci\u00f3, recollir informaci\u00f3 estad\u00edstica, permetre certes funcionalitats t\u00e8cniques, etc. Les galetes s&#8217;utilitzen de vegades per emmagatzemar informaci\u00f3 b\u00e0sica sobre els h\u00e0bits de navegaci\u00f3 de l&#8217;usuari o del seu dispositiu, fins al punt que, en alguns casos, poden recon\u00e8ixer l&#8217;usuari. <\/p>\n<h2>Por qu\u00e8 s\u00f3n importants?<\/h2>\n<p>Les cookies s\u00f3n \u00fatils per diverses raons. Des d&#8217;un punt de vista t\u00e8cnic, permeten que les p\u00e0gines web funcionin de manera m\u00e9s fluida i s&#8217;adaptin a les teves prefer\u00e8ncies, com ara emmagatzemar el teu idioma o la teva moneda. A m\u00e9s, poden ajudar els administradors de llocs web a millorar els serveis que ofereixen, gr\u00e0cies a la informaci\u00f3 estad\u00edstica que recullen.  <\/p>\n<h2>Quines s\u00f3n les restriccions en l&#8217;\u00fas de les cookies?<\/h2>\n<p>L&#8217;\u00fas de les cookies es regeix per les obligacions establertes a la secci\u00f3 segona de l&#8217;article 22 de la Llei 34\/2002, d&#8217;11 de juliol, de serveis de la societat de la informaci\u00f3 i de comer\u00e7 electr\u00f2nic (en endavant, LSSI), en relaci\u00f3 amb el Reglament (UE) 2016\/679 del Parlament Europeu i del Consell, de 27 d&#8217;abril de 2016, Reglament general de protecci\u00f3 de dades (en endavant, RGPD) i la Llei Org\u00e0nica 3\/2018, de 5 de desembre, de protecci\u00f3 de dades personals i garantia dels drets digitals (en endavant, LOPDGDD).<\/p>\n<p>El tractament de dades personals es considerar\u00e0 existent quan l&#8217;usuari sigui identificat per un nom o una adre\u00e7a de correu electr\u00f2nic que el identifiqui (per exemple, perqu\u00e8 \u00e9s un usuari registrat) o quan s&#8217;utilitzin identificadors \u00fanics per distingir els usuaris entre si i fer-ne un seguiment individualitzat (per exemple, un identificador publicitari o una adre\u00e7a IP).<\/p>\n<p>L&#8217;anterior no impedir\u00e0 l&#8217;emmagatzematge o l&#8217;acc\u00e9s t\u00e8cnic possible amb l&#8217;\u00fanic prop\u00f2sit de permetre la comunicaci\u00f3 entre l&#8217;equip de l&#8217;usuari i la xarxa, per a la prestaci\u00f3 d&#8217;un servei expressament sol\u00b7licitat pel destinatari.<\/p>\n<p>Com que queden exclosos de l&#8217;\u00e0mbit de l&#8217;article 22.2 de la LSSI, no seria necessari informar ni obtenir el consentiment per al seu \u00fas.<\/p>\n<p>Al contrari, caldr\u00e0 informar i obtenir el consentiment per a l&#8217;\u00fas de qualsevol altre tipus de cookies, ja siguin pr\u00f2pies o de tercers, de sessi\u00f3 o persistents, que no quedin fora de l&#8217;\u00e0mbit de l&#8217;article 22.2 de la LSSI.<\/p>\n<h1>Com utilitzem les cookies?<\/h1>\n<p>GRADO II NIVEL II utilitza cookies pr\u00f2pies i de tercers als seus llocs web.<\/p>\n<p>Hi ha diversos tipus de galetes:<\/p>\n<ul>\n<li><strong>Cookies t\u00e8cniques:<\/strong> permeten a l&#8217;usuari navegar per un lloc web, una plataforma o una aplicaci\u00f3 i utilitzar les diferents opcions o serveis disponibles, inclosos els que l&#8217;editor utilitza per gestionar i operar el lloc web i activar-ne les funcions i els serveis.<\/li>\n<\/ul>\n<p>L&#8217;\u00fas d&#8217;aquest tipus de galeta no implica el tractament de dades personals i no est\u00e0 subjecte al consentiment.<\/p>\n<p>GRADO II NIVEL II utilitza les seg\u00fcents cookies t\u00e8cniques en aquest lloc web.<\/p>\n<table width=\"584\">\n<tbody>\n<tr>\n<strong><\/p>\n<td width=\"78\">Nom<\/td>\n<p><\/strong><br \/>\n<strong><\/p>\n<td width=\"90\">Prove\u00efdor<\/td>\n<p><\/strong><br \/>\n<strong><\/p>\n<td width=\"298\">\u00das<\/td>\n<p><\/strong><br \/>\n<strong><\/p>\n<td width=\"42\">Tipus<\/td>\n<p><\/strong><br \/>\n<strong><\/p>\n<td width=\"76\">Persist\u00e8ncia<\/td>\n<p><\/strong><br \/>\n<\/tr>\n<tr>\n<td width=\"78\">Cookie_notice_accpeted<\/td>\n<td width=\"90\">GRADO II NIVEL II<\/td>\n<td width=\"298\">Necess\u00e0ria pel control de l&#8217;acceptaci\u00f3 de les cookies<\/td>\n<td width=\"42\">HTTP<\/td>\n<td width=\"76\">1 mes<\/td>\n<\/tr>\n<\/tbody>\n<\/table>\n<ul>\n<li>Les <strong>cookies de registre<\/strong> es generen quan et registres en un lloc web. S\u00f3n galetes de primera part que t&#8217;identifiquen com a usuari registrat i indiquen quan has iniciat la sessi\u00f3 al portal. <\/li>\n<\/ul>\n<p>Aquestes cookies s&#8217;utilitzen per identificar el teu compte d&#8217;usuari i els serveis associats. Aquestes galetes romanen fins que inici\u00efs la sessi\u00f3 al teu compte, tanquis el navegador o apaguis el dispositiu. <\/p>\n<p>Aquestes cookies es poden utilitzar en combinaci\u00f3 amb dades anal\u00edtiques per identificar individualment les vostres prefer\u00e8ncies al nostre lloc web.<\/p>\n<p>GRADO II NIVEL II no utilitza cookies de registre en aquest lloc web per permetre l&#8217;acc\u00e9s a l&#8217;\u00e0rea privada d&#8217;usuari.<\/p>\n<p>&nbsp;<\/p>\n<ul>\n<li><strong>Cookies de prefer\u00e8ncia o personalitzaci\u00f3:<\/strong> permeten recordar informaci\u00f3 perqu\u00e8 l&#8217;usuari pugui accedir al servei amb certes caracter\u00edstiques que poden diferenciar la seva experi\u00e8ncia de la d&#8217;altres usuaris, com ara l&#8217;idioma, el nombre de resultats que es mostren quan l&#8217;usuari realitza una cerca, l&#8217;aparen\u00e7a o el contingut del servei segons el tipus de navegador a trav\u00e9s del qual accedeix o la regi\u00f3 des de la qual s&#8217;hi connecta, etc.<\/li>\n<\/ul>\n<p>Com que \u00e9s l&#8217;usuari qui tria aquestes caracter\u00edstiques, es consideren un servei expressament sol\u00b7licitat per l&#8217;usuari i, per tant, no estan subjectes al consentiment.<\/p>\n<p>GRADO II NIVEL II no utilitza cookies de prefer\u00e8ncia o personalitzaci\u00f3 en aquest lloc web.<\/p>\n<p>&nbsp;<\/p>\n<ul>\n<li>Cookies d&#8217;an\u00e0lisi o de mesura: s\u00f3n cookies que, processades per nosaltres o a trav\u00e9s de serveis de tercers, ens permeten quantificar el nombre d&#8217;usuaris i, per tant, dur a terme la mesura i l&#8217;an\u00e0lisi estad\u00edstica de l&#8217;\u00fas que fan els usuaris del servei ofert. Per fer-ho, analitzem la vostra navegaci\u00f3 pel nostre lloc web amb la finalitat de millorar la seva usabilitat i la presentaci\u00f3 dels productes o serveis que us oferim. <\/li>\n<\/ul>\n<p>La licitud del tractament es basa en l&#8217;inter\u00e8s leg\u00edtim del responsable del tractament, ja que s&#8217;utilitzen dades agregades sense identificar directament els usuaris (l&#8217;adre\u00e7a IP s&#8217;anonimitza) i nom\u00e9s amb finalitats estad\u00edstiques. El consentiment s&#8217;atorga mitjan\u00e7ant qualsevol acci\u00f3 positiva que impliqui continuar navegant, com ara accedir a altres p\u00e0gines, i inclou la possibilitat que els usuaris expressin la seva negativa a utilitzar-lo. <\/p>\n<p>GRADO II NIVEL II utilitza les seg\u00fcents cookies anal\u00edtiques per entendre i millorar l&#8217;\u00fas dels nostres llocs web.<\/p>\n<p>&nbsp;<\/p>\n<table width=\"575\">\n<tbody>\n<tr>\n<strong><\/p>\n<td width=\"101\">Nom<\/td>\n<p><\/strong><br \/>\n<strong><\/p>\n<td width=\"77\">Prove\u00efdor<\/td>\n<p><\/strong><br \/>\n<strong><\/p>\n<td width=\"266\">\u00das<\/td>\n<p><\/strong><br \/>\n<strong><\/p>\n<td width=\"55\">Tipus<\/td>\n<p><\/strong><br \/>\n<strong><\/p>\n<td width=\"76\">Persist\u00e8ncia<\/td>\n<p><\/strong><br \/>\n<\/tr>\n<tr>\n<td width=\"101\">_ga<\/td>\n<td width=\"77\">Google<sup>1<\/sup><\/td>\n<td width=\"266\">Enregistra un ID \u00fanic que s&#8217;utilitza per generar dades estad\u00edstiques sobre l&#8217;\u00fas que el visitant fa del lloc web<\/td>\n<td width=\"55\">HTTP<\/td>\n<td width=\"76\">2 anys<\/td>\n<\/tr>\n<tr>\n<td width=\"101\">_ga_#<\/td>\n<td width=\"77\">Google<sup>1<\/sup><\/td>\n<td width=\"266\">Enregistra un ID \u00fanic que s&#8217;utilitza per generar dades estad\u00edstiques sobre l&#8217;\u00fas que el visitant fa del lloc web<\/td>\n<td width=\"55\">HTTP<\/td>\n<td width=\"76\">2 anys<\/td>\n<\/tr>\n<tr>\n<td width=\"101\">_gat_gtag_#<\/td>\n<td width=\"77\">Google1<\/td>\n<td width=\"266\">Utilitzat per Google Analytics per regular el flux de sol\u00b7licituds als seus serveis<\/td>\n<td width=\"55\">HTTP<\/td>\n<td width=\"76\">1 dia<\/td>\n<\/tr>\n<tr>\n<td width=\"101\">_gid<\/td>\n<td width=\"77\">Google<sup>1<\/sup><\/td>\n<td width=\"266\">Enregistra un ID \u00fanic que s&#8217;utilitza per generar dades estad\u00edstiques sobre l&#8217;\u00fas que el visitant fa del lloc web<\/td>\n<td width=\"55\">HTTP<\/td>\n<td width=\"76\">1 dia<\/td>\n<\/tr>\n<\/tbody>\n<\/table>\n<p>1 M\u00e9s informaci\u00f3 sobre la pol\u00edtica de privacitat de Google i l&#8217;\u00fas de cookies a: <span><a href=\"https:\/\/policies.google.com\/technologies\/cookies\"><em>https:\/\/policies.google.com\/technologies\/cookies<\/em><\/a><\/span><\/p>\n<p><em><u> <\/u><\/em><\/p>\n<ul>\n<li><strong>Cookies de geolocalitzaci\u00f3<\/strong> s\u00f3n utilitzades per programes que intenten localitzar geogr\u00e0ficament la posici\u00f3 del vostre ordinador, tel\u00e8fon intel\u00b7ligent, tauleta o televisi\u00f3 connectada per tal d&#8217;oferir-vos continguts i serveis m\u00e9s adequats de manera totalment an\u00f2nima.<\/li>\n<\/ul>\n<p>GRADO II NIVEL II no utilitza cookies de prefer\u00e8ncia o personalitzaci\u00f3 en aquest lloc web.<\/p>\n<p>&nbsp;<\/p>\n<ul>\n<li><strong>Cookies de m\u00e0rqueting o de publicitat conductual<\/strong>: s\u00f3n cookies que, processades per nosaltres o per tercers, emmagatzemen informaci\u00f3 sobre el comportament de l&#8217;usuari obtinguda mitjan\u00e7ant l&#8217;observaci\u00f3 cont\u00ednua dels seus h\u00e0bits de navegaci\u00f3, la qual cosa ens permetria, per exemple, desenvolupar un perfil espec\u00edfic per mostrar publicitat basada en aquest.<\/li>\n<\/ul>\n<p>L&#8217;\u00fas d&#8217;aquest tipus de cookies nom\u00e9s es pot dur a terme amb el consentiment expr\u00e9s.<\/p>\n<p>GRADO II NIVEL II no utilitza cookies de m\u00e0rqueting ni de publicitat conductual en aquest lloc web.<\/p>\n<ul>\n<li><strong>Altres cookies de tercers<\/strong><\/li>\n<\/ul>\n<p>Algunes p\u00e0gines poden instal\u00b7lar cookies de tercers que permeten la gesti\u00f3 i la millora dels serveis que ofereixen. Un exemple d&#8217;aquest \u00fas s\u00f3n els enlla\u00e7os a xarxes socials que permeten compartir el nostre contingut. <\/p>\n<p>GRADO II NIVEL II no utilitza cookies de tercers en aquest lloc web.<\/p>\n<h1>Com puc configurar les meves prefer\u00e8ncies?<\/h1>\n<p>Podeu habilitar, bloquejar o eliminar les cooklies instal\u00b7lades al vostre dispositiu configurant la configuraci\u00f3 del navegador d&#8217;Internet. Si les bloquegeu, \u00e9s possible que determinats serveis que requereixen el seu \u00fas no us estiguin disponibles. <\/p>\n<p>A continuaci\u00f3, trobareu enlla\u00e7os on podeu trobar informaci\u00f3 sobre com activar les vostres prefer\u00e8ncies als navegadors principals:<\/p>\n<ul>\n<li><span><a href=\"http:\/\/support.google.com\/chrome\/bin\/answer.py?hl=es&amp;answer=95647\">Google Chrome<\/a><\/span> (https:\/\/support.google.com\/chrome\/answer\/95647)<\/li>\n<li><span><a href=\"http:\/\/support.mozilla.org\/es\/kb\/cookies-informacion-que-los-sitios-web-guardan-en-?redirectlocale=en-US&amp;redirectslug=Cookies\">Mozilla Firefox<\/a><\/span> (https:\/\/support.mozilla.org\/es\/kb\/cookies-informacion-que-los-sitios-web-guardan-en-)<\/li>\n<li><span><a href=\"http:\/\/support.microsoft.com\/kb\/196955\/es\">Internet Explorer<\/a><\/span> (<span><a href=\"https:\/\/support.microsoft.com\/es-es\/topic\/cambiar-la-configuraci%C3%B3n-de-seguridad-y-privacidad-de-internet-explorer-11-9528b011-664c-b771-d757-43a2b78b2afe#ie=ie-11\">https:\/\/support.microsoft.com\/es-es\/topic\/cambiar-la-configuraci%C3%B3n-de-seguridad-y-privacidad-de-internet-explorer-11-9528b011-664c-b771-d757-43a2b78b2afe#ie=ie-11<\/a><\/span>)<\/li>\n<li>Microsoft Edge (https:\/\/support.microsoft.com\/es-es\/microsoft-edge\/eliminar-las-cookies-en-microsoft-edge-63947406-40ac-c3b8-57b9-2a946a29ae09)<\/li>\n<li><span><a href=\"http:\/\/www.lavanguardia.com\/cookiesSafari.html\">Safari<\/a><\/span> (https:\/\/support.apple.com\/es-mx\/guide\/safari\/sfri11471\/mac)<\/li>\n<li><span><a href=\"http:\/\/support.apple.com\/kb\/HT1677?viewlocale=es_ES\">Safari para IOS (iPhone, iPad)<\/a><\/span> (https:\/\/support.apple.com\/es-es\/HT201265)<\/li>\n<\/ul>\n<h2>ACTUALITZEM LA NOSTRA POL\u00cdTICA DE COOKIES?<\/h2>\n<p>Podem actualitzar la Pol\u00edtica de galetes del nostre lloc web, per la qual cosa us recomanem que reviseu aquesta pol\u00edtica cada vegada que hi accediu per estar degudament informats sobre com i per qu\u00e8 fem servir les galetes.<\/p>\n<p>[\/et_pb_text][\/et_pb_column][\/et_pb_row][\/et_pb_section]<\/p>\n","protected":false},"excerpt":{"rendered":"<p>Pol\u00edtica de cookiesEste sitio web, al igual que la mayor\u00eda de los sitios web en Internet, utiliza cookies tanto propias como de terceros, as\u00ed como otras tecnolog\u00edas an\u00e1logas, lo que implica la realizaci\u00f3n de tratamientos de datos de car\u00e1cter personal con arreglo a la normativa europea y espa\u00f1ola aplicables. A continuaci\u00f3n, se proporciona informaci\u00f3n b\u00e1sica [&hellip;]<\/p>\n","protected":false},"author":1,"featured_media":0,"parent":0,"menu_order":120,"comment_status":"closed","ping_status":"closed","template":"","meta":{"_et_pb_use_builder":"on","_et_pb_old_content":"","_et_gb_content_width":"","footnotes":""},"class_list":["post-231045","page","type-page","status-publish","hentry"],"yoast_head":"<!-- This site is optimized with the Yoast SEO plugin v27.0 - https:\/\/yoast.com\/product\/yoast-seo-wordpress\/ -->\n<title>Pol\u00edtica de cookies - Yoga CSA<\/title>\n<meta name=\"description\" content=\"Comproveu l&#039;\u00fas de cookeis al lloc web oficial del CSA Yoga Centre.\" \/>\n<meta name=\"robots\" content=\"noindex, nofollow\" \/>\n<meta property=\"og:locale\" content=\"ca_ES\" \/>\n<meta property=\"og:type\" content=\"article\" \/>\n<meta property=\"og:title\" content=\"Pol\u00edtica de cookies - Yoga CSA\" \/>\n<meta property=\"og:description\" content=\"Comproveu l&#039;\u00fas de cookeis al lloc web oficial del CSA Yoga Centre.\" \/>\n<meta property=\"og:url\" content=\"https:\/\/yogacsa.com\/ca\/politica-de-cookies\/\" \/>\n<meta property=\"og:site_name\" content=\"Yoga CSA\" \/>\n<meta property=\"article:modified_time\" content=\"2026-03-16T16:15:56+00:00\" \/>\n<meta name=\"twitter:card\" content=\"summary_large_image\" \/>\n<meta name=\"twitter:label1\" content=\"Temps estimat de lectura\" \/>\n\t<meta name=\"twitter:data1\" content=\"9 minuts\" \/>\n<script type=\"application\/ld+json\" class=\"yoast-schema-graph\">{\"@context\":\"https:\/\/schema.org\",\"@graph\":[{\"@type\":\"WebPage\",\"@id\":\"https:\/\/yogacsa.com\/ca\/politica-de-cookies\/\",\"url\":\"https:\/\/yogacsa.com\/ca\/politica-de-cookies\/\",\"name\":\"Pol\u00edtica de cookies - Yoga CSA\",\"isPartOf\":{\"@id\":\"https:\/\/yogacsa.com\/ca\/#website\"},\"datePublished\":\"2025-12-02T10:57:50+00:00\",\"dateModified\":\"2026-03-16T16:15:56+00:00\",\"description\":\"Comproveu l'\u00fas de cookeis al lloc web oficial del CSA Yoga Centre.\",\"breadcrumb\":{\"@id\":\"https:\/\/yogacsa.com\/ca\/politica-de-cookies\/#breadcrumb\"},\"inLanguage\":\"ca\",\"potentialAction\":[{\"@type\":\"ReadAction\",\"target\":[\"https:\/\/yogacsa.com\/ca\/politica-de-cookies\/\"]}]},{\"@type\":\"BreadcrumbList\",\"@id\":\"https:\/\/yogacsa.com\/ca\/politica-de-cookies\/#breadcrumb\",\"itemListElement\":[{\"@type\":\"ListItem\",\"position\":1,\"name\":\"Portada\",\"item\":\"https:\/\/yogacsa.com\/ca\/\"},{\"@type\":\"ListItem\",\"position\":2,\"name\":\"Pol\u00edtica de cookies\"}]},{\"@type\":\"WebSite\",\"@id\":\"https:\/\/yogacsa.com\/ca\/#website\",\"url\":\"https:\/\/yogacsa.com\/ca\/\",\"name\":\"Yoga CSA\",\"description\":\"\",\"publisher\":{\"@id\":\"https:\/\/yogacsa.com\/ca\/#organization\"},\"potentialAction\":[{\"@type\":\"SearchAction\",\"target\":{\"@type\":\"EntryPoint\",\"urlTemplate\":\"https:\/\/yogacsa.com\/ca\/?s={search_term_string}\"},\"query-input\":{\"@type\":\"PropertyValueSpecification\",\"valueRequired\":true,\"valueName\":\"search_term_string\"}}],\"inLanguage\":\"ca\"},{\"@type\":\"Organization\",\"@id\":\"https:\/\/yogacsa.com\/ca\/#organization\",\"name\":\"Yoga CSA\",\"url\":\"https:\/\/yogacsa.com\/ca\/\",\"logo\":{\"@type\":\"ImageObject\",\"inLanguage\":\"ca\",\"@id\":\"https:\/\/yogacsa.com\/ca\/#\/schema\/logo\/image\/\",\"url\":\"\",\"contentUrl\":\"\",\"caption\":\"Yoga CSA\"},\"image\":{\"@id\":\"https:\/\/yogacsa.com\/ca\/#\/schema\/logo\/image\/\"}}]}<\/script>\n<!-- \/ Yoast SEO plugin. -->","yoast_head_json":{"title":"Pol\u00edtica de cookies - Yoga CSA","description":"Comproveu l'\u00fas de cookeis al lloc web oficial del CSA Yoga Centre.","robots":{"index":"noindex","follow":"nofollow"},"og_locale":"ca_ES","og_type":"article","og_title":"Pol\u00edtica de cookies - Yoga CSA","og_description":"Comproveu l'\u00fas de cookeis al lloc web oficial del CSA Yoga Centre.","og_url":"https:\/\/yogacsa.com\/ca\/politica-de-cookies\/","og_site_name":"Yoga CSA","article_modified_time":"2026-03-16T16:15:56+00:00","twitter_card":"summary_large_image","twitter_misc":{"Temps estimat de lectura":"9 minuts"},"schema":{"@context":"https:\/\/schema.org","@graph":[{"@type":"WebPage","@id":"https:\/\/yogacsa.com\/ca\/politica-de-cookies\/","url":"https:\/\/yogacsa.com\/ca\/politica-de-cookies\/","name":"Pol\u00edtica de cookies - Yoga CSA","isPartOf":{"@id":"https:\/\/yogacsa.com\/ca\/#website"},"datePublished":"2025-12-02T10:57:50+00:00","dateModified":"2026-03-16T16:15:56+00:00","description":"Comproveu l'\u00fas de cookeis al lloc web oficial del CSA Yoga Centre.","breadcrumb":{"@id":"https:\/\/yogacsa.com\/ca\/politica-de-cookies\/#breadcrumb"},"inLanguage":"ca","potentialAction":[{"@type":"ReadAction","target":["https:\/\/yogacsa.com\/ca\/politica-de-cookies\/"]}]},{"@type":"BreadcrumbList","@id":"https:\/\/yogacsa.com\/ca\/politica-de-cookies\/#breadcrumb","itemListElement":[{"@type":"ListItem","position":1,"name":"Portada","item":"https:\/\/yogacsa.com\/ca\/"},{"@type":"ListItem","position":2,"name":"Pol\u00edtica de cookies"}]},{"@type":"WebSite","@id":"https:\/\/yogacsa.com\/ca\/#website","url":"https:\/\/yogacsa.com\/ca\/","name":"Yoga CSA","description":"","publisher":{"@id":"https:\/\/yogacsa.com\/ca\/#organization"},"potentialAction":[{"@type":"SearchAction","target":{"@type":"EntryPoint","urlTemplate":"https:\/\/yogacsa.com\/ca\/?s={search_term_string}"},"query-input":{"@type":"PropertyValueSpecification","valueRequired":true,"valueName":"search_term_string"}}],"inLanguage":"ca"},{"@type":"Organization","@id":"https:\/\/yogacsa.com\/ca\/#organization","name":"Yoga CSA","url":"https:\/\/yogacsa.com\/ca\/","logo":{"@type":"ImageObject","inLanguage":"ca","@id":"https:\/\/yogacsa.com\/ca\/#\/schema\/logo\/image\/","url":"","contentUrl":"","caption":"Yoga CSA"},"image":{"@id":"https:\/\/yogacsa.com\/ca\/#\/schema\/logo\/image\/"}}]}},"_links":{"self":[{"href":"https:\/\/yogacsa.com\/ca\/wp-json\/wp\/v2\/pages\/231045","targetHints":{"allow":["GET"]}}],"collection":[{"href":"https:\/\/yogacsa.com\/ca\/wp-json\/wp\/v2\/pages"}],"about":[{"href":"https:\/\/yogacsa.com\/ca\/wp-json\/wp\/v2\/types\/page"}],"author":[{"embeddable":true,"href":"https:\/\/yogacsa.com\/ca\/wp-json\/wp\/v2\/users\/1"}],"replies":[{"embeddable":true,"href":"https:\/\/yogacsa.com\/ca\/wp-json\/wp\/v2\/comments?post=231045"}],"version-history":[{"count":2,"href":"https:\/\/yogacsa.com\/ca\/wp-json\/wp\/v2\/pages\/231045\/revisions"}],"predecessor-version":[{"id":231781,"href":"https:\/\/yogacsa.com\/ca\/wp-json\/wp\/v2\/pages\/231045\/revisions\/231781"}],"wp:attachment":[{"href":"https:\/\/yogacsa.com\/ca\/wp-json\/wp\/v2\/media?parent=231045"}],"curies":[{"name":"wp","href":"https:\/\/api.w.org\/{rel}","templated":true}]}}