{"id":231044,"date":"2025-12-02T11:57:22","date_gmt":"2025-12-02T10:57:22","guid":{"rendered":"https:\/\/yogacsa.com\/politica-de-privacitat\/"},"modified":"2026-03-16T17:15:32","modified_gmt":"2026-03-16T16:15:32","slug":"politica-de-privacitat","status":"publish","type":"page","link":"https:\/\/yogacsa.com\/ca\/politica-de-privacitat\/","title":{"rendered":"Pol\u00edtica de privacitat"},"content":{"rendered":"<p>[et_pb_section fb_built=&#8221;1&#8243; admin_label=&#8221;section&#8221; _builder_version=&#8221;4.27.5&#8243; background_color=&#8221;rgba(0,0,0,0.2)&#8221; background_image=&#8221;https:\/\/yogacsa.com\/wp-content\/uploads\/2026\/01\/yoga-csa-banner-home-scaled.webp&#8221; background_position=&#8221;bottom_center&#8221; background_vertical_offset=&#8221;15%&#8221; background_blend=&#8221;overlay&#8221; height=&#8221;450px&#8221; max_height=&#8221;450px&#8221; bottom_divider_color=&#8221;#FFFFFF&#8221; bottom_divider_height=&#8221;40px&#8221; bottom_divider_repeat=&#8221;1x&#8221; bottom_divider_arrangement=&#8221;above_content&#8221; hover_enabled=&#8221;0&#8243; background_last_edited=&#8221;on|phone&#8221; background_position_phone=&#8221;center_right&#8221; background_horizontal_offset_phone=&#8221;34%&#8221; global_colors_info=&#8221;{}&#8221; sticky_enabled=&#8221;0&#8243;][et_pb_row admin_label=&#8221;row&#8221; _builder_version=&#8221;4.16&#8243; background_size=&#8221;initial&#8221; background_position=&#8221;top_left&#8221; background_repeat=&#8221;repeat&#8221; global_colors_info=&#8221;{}&#8221;][et_pb_column type=&#8221;4_4&#8243; _builder_version=&#8221;4.16&#8243; custom_padding=&#8221;|||&#8221; global_colors_info=&#8221;{}&#8221; custom_padding__hover=&#8221;|||&#8221;][et_pb_text _builder_version=&#8221;4.27.4&#8243; _module_preset=&#8221;default&#8221; header_font=&#8221;|||on|||||&#8221; header_text_align=&#8221;center&#8221; header_text_color=&#8221;#ebb393&#8243; header_font_size=&#8221;50px&#8221; global_colors_info=&#8221;{}&#8221;]<\/p>\n<h1>Pol\u00edtica de privacitat<\/h1>\n<p>[\/et_pb_text][\/et_pb_column][\/et_pb_row][\/et_pb_section][et_pb_section fb_built=&#8221;1&#8243; _builder_version=&#8221;4.27.4&#8243; _module_preset=&#8221;default&#8221; global_colors_info=&#8221;{}&#8221;][et_pb_row _builder_version=&#8221;4.27.4&#8243; _module_preset=&#8221;default&#8221; global_colors_info=&#8221;{}&#8221;][et_pb_column type=&#8221;4_4&#8243; _builder_version=&#8221;4.27.4&#8243; _module_preset=&#8221;default&#8221; global_colors_info=&#8221;{}&#8221;][et_pb_text _builder_version=&#8221;4.27.5&#8243; _module_preset=&#8221;default&#8221; global_colors_info=&#8221;{}&#8221;]<\/p>\n<p>La confidencialitat i la seguretat s\u00f3n valors fonamentals de GRADO II NIVEL II, S.L. (&#8220;GRADO II NIVEL II&#8221; o &#8220;YOGA CSA&#8221;) i, per tant, estem compromesos a garantir la privacitat de les dades personals dels nostres clients en tot moment i a no recollir informaci\u00f3 innecess\u00e0ria.<\/p>\n<p>A continuaci\u00f3, us proporcionem tota la informaci\u00f3 necess\u00e0ria sobre la nostra Pol\u00edtica de privacitat en relaci\u00f3 amb les dades personals que recollim, explicant:<br \/>\u2022 Qui \u00e9s el responsable del tractament de les vostres dades.<br \/>\u2022 Per a quins fins sol\u00b7licitem les dades que us demanem.<br \/>\u2022 Quina \u00e9s la base jur\u00eddica per al seu tractament.<br \/>\u2022 Quant de temps les conservem.<br \/>\u2022 A qui es comuniquen les vostres dades.<br \/>\u2022 Quins s\u00f3n els seus drets.<\/p>\n<p>&nbsp;<\/p>\n<h3><strong>Qui \u00e9s el responsable del tractament de les dades personals?<\/strong><\/h3>\n<p><strong>Nom de l&#8217;empresa:<\/strong> GRADO II NIVEL II, S.L. (&#8220;GRADO II NIVEL II&#8221; o &#8220;YOGA CSA&#8221;)<br \/><strong>NIF:<\/strong> B-66344698<br \/><strong>Adre\u00e7a<\/strong>: PASEO BONANOVA NUM. 54 PLANTA 1, PORTA 2, 08017 de Barcelona <br \/><strong>Contacte:<\/strong> <a href=\"mailto:info@yogacsa.com\">info@yogacsa.com<\/a><\/p>\n<p>&nbsp;<\/p>\n<h3><strong>Qui vetllar\u00e0 per les teves dades?<\/strong><\/h3>\n<p>El Delegat de Protecci\u00f3 de Dades de GRADO II NIVEL II (en endavant, DPD) ser\u00e0 el garant de l&#8217; compliment de la normativa de protecci\u00f3 de dades dins de GRADO II NIVEL II.<\/p>\n<p>Podeu contactar amb el Delegat de Protecci\u00f3 de Dades a la seg\u00fcent adre\u00e7a:<br \/><strong>Correu electr\u00f2nic:<\/strong> dpo-center@ingecal.cat<br \/><strong>Correu postal:<\/strong> Avda. Cerdanyola 98, esc B, 4.\u00ba piso, oficina 18 \u2013 Edificio Collserola. 08173<br \/>Sant Cugat del Vall\u00e8s (Barcelona)  <\/p>\n<p>&nbsp;<\/p>\n<h3><strong>Qui s\u00f3n les parts interessades?<\/strong><\/h3>\n<p>Los datos de car\u00e1cter personal tratados son aquel es de:<\/p>\n<ul>\n<li>Persones que ens han facilitat les seves dades en els diversos formularis del lloc web per fer consultes o obtenir informaci\u00f3 sobre els nostres serveis i activitats.<\/li>\n<li>Persones que desitgen presentar les seves sol\u00b7licituds als processos de selecci\u00f3.<\/li>\n<\/ul>\n<p><strong> <\/strong><\/p>\n<h3><strong>Amb quines finalitats i sobre quina base jur\u00eddica utilitzem les dades personals?<\/strong><\/h3>\n<p>A GRADO II NIVEL II, tractem dades personals per respondre a sol\u00b7licituds d&#8217;informaci\u00f3 o per atendre les seves peticions.<br \/>Aquestes dades personals es tractaran per a les finalitats leg\u00edtimes que s&#8217;indiquen a continuaci\u00f3.<\/p>\n<p>&nbsp;<\/p>\n<ul>\n<li><strong> Resposta a sol\u00b7licituds d&#8217;informaci\u00f3 o de contacte<\/strong><\/li>\n<\/ul>\n<p>A GRADO II NIVEL II farem servir les dades de contacte que ens proporcioneu per respondre a les vostres sol\u00b7licituds i consultes sobre els nostres productes i serveis, ja sigui a trav\u00e9s del formulari disponible al lloc web o enviades a les adreces de correu electr\u00f2nic de contacte publicades.<\/p>\n<p><strong>Legitimaci\u00f3:<\/strong><\/p>\n<p>\u25e6 Inter\u00e8s leg\u00edtim de GRADO II NIVEL II per al tractament d&#8217;aquestes dades, tenint en compte les expectatives raonables dels interessats de rebre una resposta a les seves sol\u00b7licituds.<br \/>\u25e6 Consentiment lliurement atorgat per l&#8217;interessat que envia les seves dades mitjan\u00e7ant el formulari proporcionat espec\u00edficament per a aquest prop\u00f2sit.<\/p>\n<p>&nbsp;<\/p>\n<ul>\n<li><strong> Presentaci\u00f3 de sol\u00b7licituds o processos de selecci\u00f3 oberts<\/strong><\/li>\n<\/ul>\n<p>Les dades personals de les persones que vulguin presentar-se als processos de selecci\u00f3 oberts per GRADO II NIVEL II seran tractades amb la finalitat de validar les seves sol\u00b7licituds per a les places a les quals es presenten.<\/p>\n<p>&nbsp;<\/p>\n<p><strong>Legitimaci\u00f3:<\/strong><\/p>\n<p>\u25e6 Inter\u00e8s leg\u00edtim de GRADE II LEVEL II per gestionar les sol\u00b7licituds dels processos de selecci\u00f3 oberts, tenint en compte les expectatives raonables de les persones interessades a participar-hi.<\/p>\n<p>\u25e6 Tractament necessari per a l&#8217;execuci\u00f3 d&#8217;un contracte del qual l&#8217;interessat sigui part o per a la presa de mesures a petici\u00f3 de l&#8217;interessat abans de celebrar un contracte.<\/p>\n<p>\u25e6 Consentiment expressat per les persones interessades quan proporcionen les seves dades mitjan\u00e7ant el formulari espec\u00edfic per a aquesta finalitat o enviat a l&#8217;adre\u00e7a de correu electr\u00f2nic del departament de Recursos Humans.<\/p>\n<p>&nbsp;<\/p>\n<p>Dades tractades:<br \/>\u25e6 Dades d&#8217;identificaci\u00f3: Nom i cognoms<br \/>\u25e6 Dades de contacte: Adre\u00e7a de correu electr\u00f2nic i n\u00famero de tel\u00e8fon de contacte<br \/>\u25e6 Estatus laboral: Categoria professional<br \/>\u25e6 Curr\u00edculum vitae i carta de presentaci\u00f3<\/p>\n<p>&nbsp;<\/p>\n<ul>\n<li><strong> <\/strong><strong>An\u00e0lisi de visites al lloc web<\/strong><\/li>\n<\/ul>\n<p>GRADO II NIVEL II utilitza diverses t\u00e8cniques per recopilar informaci\u00f3 que es pot utilitzar per obtenir dades anal\u00edtiques sobre les visites i la navegaci\u00f3 pels nostres llocs web.<br \/>Aquestes anal\u00edtiques es basen en l&#8217;\u00fas de serveis externs que tenen les seves pr\u00f2pies pol\u00edtiques de privacitat:<br \/>\u25e6 Google Analytics (https:\/\/policies.google.com\/technologies\/partner-sites)<br \/>\u00c9s important tenir en compte que, tal com s&#8217;indica a les seves pol\u00edtiques de privacitat, aquestes empreses poden relacionar les dades de navegaci\u00f3 amb els seus registres interns per utilitzar-les per a la personalitzaci\u00f3 d&#8217;anuncis, fins i tot si no teniu un compte registrat als seus serveis.<\/p>\n<p><strong>Legitimaci\u00f3:<\/strong><\/p>\n<p>\u25e6 Inter\u00e8s leg\u00edtim de GRADO II NIVEL II en obtenir informaci\u00f3 anal\u00edtica sobre l&#8217;\u00fas que els visitants fan del lloc web.<br \/>\u25e6 \/* Si la IP no \u00e9s an\u00f2nima *\/ Consentiment atorgat per a l&#8217;\u00fas de galetes i la recopilaci\u00f3 de dades de navegaci\u00f3.<br \/>A m\u00e9s de l&#8217;anterior, GRADO II NIVEL II pot dur a terme altres tractaments de dades personals. En aquest cas, l&#8217;interessat rebr\u00e0 la informaci\u00f3 necess\u00e0ria sobre aquest tractament i GRADO II NIVEL II sol\u00b7licitar\u00e0 el seu consentiment si \u00e9s necessari. <\/p>\n<p>&nbsp;<\/p>\n<h3><strong>Quant de temps conservar\u00e0 GRADO II NIVEL II les dades?<\/strong><\/h3>\n<p>En general, les dades es conservaran durant el temps necessari per complir la finalitat per a la qual es van sol\u00b7licitar i per determinar qualsevol responsabilitat que pugui sorgir d&#8217;aquesta finalitat i del tractament de les dades.<br \/>Entre altres coses, aix\u00f2 significa que GRADO II NIVEL II conservar\u00e0 les dades personals dels interessats mentre romanguin associats amb nosaltres i, si s&#8217;escau, durant el temps necessari per a la formulaci\u00f3, l&#8217;exercici o la defensa de possibles reclamacions, o per complir amb les obligacions legals establertes per la legislaci\u00f3 aplicable.<br \/>Un cop hagi expirat aquest termini, GRADO II NIVEL II es compromet a cessar el tractament de totes les dades personals, a destruir-les, bloquejar-les o anonimitzar-les tant com sigui possible per a la finalitat per a la qual es van emmagatzemar.<\/p>\n<p>En el cas de les dades dels candidats que ens envien les seves sol\u00b7licituds per a processos de selecci\u00f3, aquestes es conservaran durant un m\u00e0xim d&#8217;un any si no han estat acceptats en cap proc\u00e9s de selecci\u00f3 durant aquest per\u00edode o si la persona interessada no ha donat el seu consentiment per a la seva conservaci\u00f3 durant un per\u00edode m\u00e9s llarg.<\/p>\n<p>&nbsp;<\/p>\n<h3><strong>A qui es comunicaran les dades?<\/strong><\/h3>\n<p>Les dades personals no es transferiran a tercers, llevat que sigui necessari per atendre la sol\u00b7licitud, que la llei ens obligui a fer-ho o que la persona interessada ens hagi donat el seu consentiment.<br \/>Tamb\u00e9 podem comunicar dades a empreses que ens proporcionen serveis relacionats amb les activitats ordin\u00e0ries i administratives de l&#8217;empresa, en la seva qualitat de responsables del tractament nacionals o internacionals, en el marc de la prestaci\u00f3 de serveis com ara, entre d&#8217;altres, els prove\u00efdors de serveis de transport o els prove\u00efdors d&#8217;allotjament web.<br \/>La prestaci\u00f3 d&#8217;aquests serveis pot implicar el tractament de dades personals per part d&#8217;empreses ubicades en pa\u00efsos fora de l&#8217;Espai Econ\u00f2mic Europeu (transfer\u00e8ncies internacionals de dades). Tanmateix, aix\u00f2 nom\u00e9s es far\u00e0 amb pa\u00efsos que ofereixin un nivell de protecci\u00f3 adequat o que ens hagin posat a disposici\u00f3 les Cl\u00e0usules Contractuals Est\u00e0ndard (SCC) d&#8217;acord amb la decisi\u00f3 de la Comissi\u00f3 Europea sobre transfer\u00e8ncies de dades des de responsables del tractament de la UE a encarregats del tractament establerts fora de la UE. <\/p>\n<p>A continuaci\u00f3 es mostra una llista de prove\u00efdors de serveis vinculats al lloc web GRADE II LEVEL II:<\/p>\n<p>Google Inc Prove\u00efdor del servei d&#8217;anal\u00edtiques de l&#8217;\u00fas web (<a href=\"https:\/\/privacy.google.com\/businesses\/processorterms\/\">https:\/\/privacy.google.com\/businesses\/processorterms\/<\/a>)<\/p>\n<p>&nbsp;<\/p>\n<h3><strong>Quins s\u00f3n els drets de les persones interessades quan ens faciliten les seves dades?<\/strong><\/h3>\n<p>En qualsevol moment, la persona interessada pot exercir els seus drets d&#8217;acc\u00e9s, rectificaci\u00f3, supressi\u00f3 i portabilitat de les dades personals tractades per GRADO II NIVEL II, aix\u00ed com els seus drets a oposar-se i a limitar-ne el tractament.<br \/>Aquests drets es poden exercir gratu\u00eftament per la persona interessada, i, si s&#8217;escau, pel seu representant, mitjan\u00e7ant una sol\u00b7licitud escrita i signada, acompanyada d&#8217;una c\u00f2pia del seu document d&#8217;identitat o document equivalent que acrediti la seva identitat, adre\u00e7ada a<br \/>\u2022 <strong>Por correu electr\u00f2nic:<\/strong> <a href=\"mailto:dpd@csantantoni.com\">dpo-center@ingecal.cat<\/a><br \/>\u2022 <strong>Por correu postal:<\/strong> Avda. Cerdanyola 98, esc B, 4.\u00ba piso, oficina 18 \u2013 Edificio Collserola. 08173<br \/>Sant Cugat del Vall\u00e8s (Barcelona)<br \/>En cas de representaci\u00f3, s&#8217;haur\u00e0 de presentar una prova per escrit i acompanyada d&#8217;una c\u00f2pia del document d&#8217;identitat o d&#8217;un document equivalent que acrediti la representaci\u00f3.<br \/>A m\u00e9s dels drets anteriors, l&#8217;interessat tindr\u00e0 dret a retirar el consentiment atorgat en qualsevol moment mitjan\u00e7ant el procediment descrit anteriorment, sense que aquesta retirada del consentiment afecti la licitud del tractament abans de la seva retirada. GRADO II NIVEL II pot continuar tractant les dades personals de l&#8217;interessat en la mesura que ho permeti la normativa aplicable o si persisteix qualsevol altra justificaci\u00f3 leg\u00edtima.<br \/>GRADO II NIVEL II recorda a l&#8217;interessat que t\u00e9 dret a presentar una reclamaci\u00f3 davant l&#8217;autoritat de control competent (Ag\u00e8ncia Espanyola de Protecci\u00f3 de Dades).   <\/p>\n<p>&nbsp;<\/p>\n<h3><strong>Actualitzar les teves dades<\/strong><\/h3>\n<p>\u00c9s important que ens informi de qualsevol canvi en les seves dades personals perqu\u00e8 puguem mantenir-les actualitzades. En cas contrari, no ens podem responsabilitzar de l&#8217;exactitud de les dades ni de les implicacions que aix\u00f2 pugui tenir en el seu tractament.<br \/>Seguretat en el tractament i l&#8217;emmagatzematge de dades<br \/>GRADO II NIVEL II declara que ha implementat les mesures t\u00e8cniques i organitzatives adequades per garantir i poder demostrar que el tractament compleix la legislaci\u00f3 vigent i que la protecci\u00f3 dels drets dels interessats.<br \/>Amb aquesta finalitat, ha implementat un Sistema de Gesti\u00f3 de la Protecci\u00f3 de Dades Personals per determinar i aplicar els mitjans t\u00e8cnics i organitzatius al seu abast per prevenir la p\u00e8rdua, l&#8217;\u00fas indegut, l&#8217;alteraci\u00f3, l&#8217;acc\u00e9s no autoritzat i el robatori de les dades proporcionades pels usuaris, sense perjudici d&#8217;informar-los que les mesures de seguretat a Internet no s\u00f3n inexpugnables. <\/p>\n<h3><strong> <\/strong><\/h3>\n<h3><strong>\u00das de cookies<\/strong><\/h3>\n<p>Aquest lloc web, com la majoria de llocs web d&#8217;Internet, utilitza galetes per millorar l&#8217;experi\u00e8ncia de l&#8217;usuari. A la nostra Pol\u00edtica de galetes, trobareu informaci\u00f3 sobre qu\u00e8 s\u00f3n les galetes, quin tipus de galetes utilitza aquest portal, com podeu desactivar les galetes al vostre navegador i com desactivar espec\u00edficament la instal\u00b7laci\u00f3 de galetes de tercers.<br \/>Si us plau, llegiu la nostra Pol\u00edtica de galetes atentament abans de continuar navegant pel nostre lloc web. <\/p>\n<p>&nbsp;<\/p>\n<h3><strong>Modificaci\u00f3 de la Pol\u00edtica de Privacitat<\/strong><\/h3>\n<p>GRADO II NIVEL II pot modificar la seva Pol\u00edtica de privadesa d&#8217;acord amb la legislaci\u00f3 aplicable en qualsevol moment. En qualsevol cas, qualsevol modificaci\u00f3 de la Pol\u00edtica de privadesa se us notificar\u00e0 degudament perqu\u00e8 sigueu informats dels canvis efectuats en el tractament de les vostres dades personals i, si ho exigeixen les normatives aplicables, la persona interessada podr\u00e0 confirmar el seu consentiment. <\/p>\n<p><strong> <\/strong><\/p>\n<p>[\/et_pb_text][\/et_pb_column][\/et_pb_row][\/et_pb_section]<\/p>\n","protected":false},"excerpt":{"rendered":"<p>Pol\u00edtica de privacitatLa confidencialitat i la seguretat s\u00f3n valors fonamentals de GRADO II NIVEL II, S.L. (&#8220;GRADO II NIVEL II&#8221; o &#8220;YOGA CSA&#8221;) i, per tant, estem compromesos a garantir la privacitat de les dades personals dels nostres clients en tot moment i a no recollir informaci\u00f3 innecess\u00e0ria. A continuaci\u00f3, us proporcionem tota la informaci\u00f3 [&hellip;]<\/p>\n","protected":false},"author":1,"featured_media":0,"parent":0,"menu_order":110,"comment_status":"closed","ping_status":"closed","template":"","meta":{"_et_pb_use_builder":"on","_et_pb_old_content":"","_et_gb_content_width":"","footnotes":""},"class_list":["post-231044","page","type-page","status-publish","hentry"],"yoast_head":"<!-- This site is optimized with the Yoast SEO plugin v27.0 - https:\/\/yoast.com\/product\/yoast-seo-wordpress\/ -->\n<title>Pol\u00edtica de privacitat - Yoga CSA<\/title>\n<meta name=\"description\" content=\"Consulta el tractament de les teves dades personals en el lloc web oficial del centre Yoga CSA.\" \/>\n<meta name=\"robots\" content=\"noindex, nofollow\" \/>\n<meta property=\"og:locale\" content=\"ca_ES\" \/>\n<meta property=\"og:type\" content=\"article\" \/>\n<meta property=\"og:title\" content=\"Pol\u00edtica de privacitat - Yoga CSA\" \/>\n<meta property=\"og:description\" content=\"Consulta el tractament de les teves dades personals en el lloc web oficial del centre Yoga CSA.\" \/>\n<meta property=\"og:url\" content=\"https:\/\/yogacsa.com\/ca\/politica-de-privacitat\/\" \/>\n<meta property=\"og:site_name\" content=\"Yoga CSA\" \/>\n<meta property=\"article:modified_time\" content=\"2026-03-16T16:15:32+00:00\" \/>\n<meta name=\"twitter:card\" content=\"summary_large_image\" \/>\n<meta name=\"twitter:label1\" content=\"Temps estimat de lectura\" \/>\n\t<meta name=\"twitter:data1\" content=\"10 minuts\" \/>\n<script type=\"application\/ld+json\" class=\"yoast-schema-graph\">{\"@context\":\"https:\/\/schema.org\",\"@graph\":[{\"@type\":\"WebPage\",\"@id\":\"https:\/\/yogacsa.com\/ca\/politica-de-privacitat\/\",\"url\":\"https:\/\/yogacsa.com\/ca\/politica-de-privacitat\/\",\"name\":\"Pol\u00edtica de privacitat - Yoga CSA\",\"isPartOf\":{\"@id\":\"https:\/\/yogacsa.com\/ca\/#website\"},\"datePublished\":\"2025-12-02T10:57:22+00:00\",\"dateModified\":\"2026-03-16T16:15:32+00:00\",\"description\":\"Consulta el tractament de les teves dades personals en el lloc web oficial del centre Yoga CSA.\",\"breadcrumb\":{\"@id\":\"https:\/\/yogacsa.com\/ca\/politica-de-privacitat\/#breadcrumb\"},\"inLanguage\":\"ca\",\"potentialAction\":[{\"@type\":\"ReadAction\",\"target\":[\"https:\/\/yogacsa.com\/ca\/politica-de-privacitat\/\"]}]},{\"@type\":\"BreadcrumbList\",\"@id\":\"https:\/\/yogacsa.com\/ca\/politica-de-privacitat\/#breadcrumb\",\"itemListElement\":[{\"@type\":\"ListItem\",\"position\":1,\"name\":\"Portada\",\"item\":\"https:\/\/yogacsa.com\/ca\/\"},{\"@type\":\"ListItem\",\"position\":2,\"name\":\"Pol\u00edtica de privacitat\"}]},{\"@type\":\"WebSite\",\"@id\":\"https:\/\/yogacsa.com\/ca\/#website\",\"url\":\"https:\/\/yogacsa.com\/ca\/\",\"name\":\"Yoga CSA\",\"description\":\"\",\"publisher\":{\"@id\":\"https:\/\/yogacsa.com\/ca\/#organization\"},\"potentialAction\":[{\"@type\":\"SearchAction\",\"target\":{\"@type\":\"EntryPoint\",\"urlTemplate\":\"https:\/\/yogacsa.com\/ca\/?s={search_term_string}\"},\"query-input\":{\"@type\":\"PropertyValueSpecification\",\"valueRequired\":true,\"valueName\":\"search_term_string\"}}],\"inLanguage\":\"ca\"},{\"@type\":\"Organization\",\"@id\":\"https:\/\/yogacsa.com\/ca\/#organization\",\"name\":\"Yoga CSA\",\"url\":\"https:\/\/yogacsa.com\/ca\/\",\"logo\":{\"@type\":\"ImageObject\",\"inLanguage\":\"ca\",\"@id\":\"https:\/\/yogacsa.com\/ca\/#\/schema\/logo\/image\/\",\"url\":\"\",\"contentUrl\":\"\",\"caption\":\"Yoga CSA\"},\"image\":{\"@id\":\"https:\/\/yogacsa.com\/ca\/#\/schema\/logo\/image\/\"}}]}<\/script>\n<!-- \/ Yoast SEO plugin. -->","yoast_head_json":{"title":"Pol\u00edtica de privacitat - Yoga CSA","description":"Consulta el tractament de les teves dades personals en el lloc web oficial del centre Yoga CSA.","robots":{"index":"noindex","follow":"nofollow"},"og_locale":"ca_ES","og_type":"article","og_title":"Pol\u00edtica de privacitat - Yoga CSA","og_description":"Consulta el tractament de les teves dades personals en el lloc web oficial del centre Yoga CSA.","og_url":"https:\/\/yogacsa.com\/ca\/politica-de-privacitat\/","og_site_name":"Yoga CSA","article_modified_time":"2026-03-16T16:15:32+00:00","twitter_card":"summary_large_image","twitter_misc":{"Temps estimat de lectura":"10 minuts"},"schema":{"@context":"https:\/\/schema.org","@graph":[{"@type":"WebPage","@id":"https:\/\/yogacsa.com\/ca\/politica-de-privacitat\/","url":"https:\/\/yogacsa.com\/ca\/politica-de-privacitat\/","name":"Pol\u00edtica de privacitat - Yoga CSA","isPartOf":{"@id":"https:\/\/yogacsa.com\/ca\/#website"},"datePublished":"2025-12-02T10:57:22+00:00","dateModified":"2026-03-16T16:15:32+00:00","description":"Consulta el tractament de les teves dades personals en el lloc web oficial del centre Yoga CSA.","breadcrumb":{"@id":"https:\/\/yogacsa.com\/ca\/politica-de-privacitat\/#breadcrumb"},"inLanguage":"ca","potentialAction":[{"@type":"ReadAction","target":["https:\/\/yogacsa.com\/ca\/politica-de-privacitat\/"]}]},{"@type":"BreadcrumbList","@id":"https:\/\/yogacsa.com\/ca\/politica-de-privacitat\/#breadcrumb","itemListElement":[{"@type":"ListItem","position":1,"name":"Portada","item":"https:\/\/yogacsa.com\/ca\/"},{"@type":"ListItem","position":2,"name":"Pol\u00edtica de privacitat"}]},{"@type":"WebSite","@id":"https:\/\/yogacsa.com\/ca\/#website","url":"https:\/\/yogacsa.com\/ca\/","name":"Yoga CSA","description":"","publisher":{"@id":"https:\/\/yogacsa.com\/ca\/#organization"},"potentialAction":[{"@type":"SearchAction","target":{"@type":"EntryPoint","urlTemplate":"https:\/\/yogacsa.com\/ca\/?s={search_term_string}"},"query-input":{"@type":"PropertyValueSpecification","valueRequired":true,"valueName":"search_term_string"}}],"inLanguage":"ca"},{"@type":"Organization","@id":"https:\/\/yogacsa.com\/ca\/#organization","name":"Yoga CSA","url":"https:\/\/yogacsa.com\/ca\/","logo":{"@type":"ImageObject","inLanguage":"ca","@id":"https:\/\/yogacsa.com\/ca\/#\/schema\/logo\/image\/","url":"","contentUrl":"","caption":"Yoga CSA"},"image":{"@id":"https:\/\/yogacsa.com\/ca\/#\/schema\/logo\/image\/"}}]}},"_links":{"self":[{"href":"https:\/\/yogacsa.com\/ca\/wp-json\/wp\/v2\/pages\/231044","targetHints":{"allow":["GET"]}}],"collection":[{"href":"https:\/\/yogacsa.com\/ca\/wp-json\/wp\/v2\/pages"}],"about":[{"href":"https:\/\/yogacsa.com\/ca\/wp-json\/wp\/v2\/types\/page"}],"author":[{"embeddable":true,"href":"https:\/\/yogacsa.com\/ca\/wp-json\/wp\/v2\/users\/1"}],"replies":[{"embeddable":true,"href":"https:\/\/yogacsa.com\/ca\/wp-json\/wp\/v2\/comments?post=231044"}],"version-history":[{"count":7,"href":"https:\/\/yogacsa.com\/ca\/wp-json\/wp\/v2\/pages\/231044\/revisions"}],"predecessor-version":[{"id":231778,"href":"https:\/\/yogacsa.com\/ca\/wp-json\/wp\/v2\/pages\/231044\/revisions\/231778"}],"wp:attachment":[{"href":"https:\/\/yogacsa.com\/ca\/wp-json\/wp\/v2\/media?parent=231044"}],"curies":[{"name":"wp","href":"https:\/\/api.w.org\/{rel}","templated":true}]}}