{"id":231042,"date":"2025-12-02T11:56:46","date_gmt":"2025-12-02T10:56:46","guid":{"rendered":"https:\/\/yogacsa.com\/avis-legal\/"},"modified":"2026-03-16T17:15:05","modified_gmt":"2026-03-16T16:15:05","slug":"avis-legal","status":"publish","type":"page","link":"https:\/\/yogacsa.com\/ca\/avis-legal\/","title":{"rendered":"Av\u00eds legal"},"content":{"rendered":"<p>[et_pb_section fb_built=&#8221;1&#8243; admin_label=&#8221;section&#8221; _builder_version=&#8221;4.27.5&#8243; background_color=&#8221;rgba(0,0,0,0.2)&#8221; background_image=&#8221;https:\/\/yogacsa.com\/wp-content\/uploads\/2026\/01\/yoga-csa-banner-home-scaled.webp&#8221; background_position=&#8221;bottom_center&#8221; background_vertical_offset=&#8221;15%&#8221; background_blend=&#8221;overlay&#8221; height=&#8221;450px&#8221; max_height=&#8221;450px&#8221; bottom_divider_color=&#8221;#FFFFFF&#8221; bottom_divider_height=&#8221;40px&#8221; bottom_divider_repeat=&#8221;1x&#8221; bottom_divider_arrangement=&#8221;above_content&#8221; hover_enabled=&#8221;0&#8243; background_last_edited=&#8221;on|phone&#8221; background_position_phone=&#8221;center_right&#8221; background_horizontal_offset_phone=&#8221;34%&#8221; global_colors_info=&#8221;{}&#8221; sticky_enabled=&#8221;0&#8243;][et_pb_row admin_label=&#8221;row&#8221; _builder_version=&#8221;4.16&#8243; background_size=&#8221;initial&#8221; background_position=&#8221;top_left&#8221; background_repeat=&#8221;repeat&#8221; global_colors_info=&#8221;{}&#8221;][et_pb_column type=&#8221;4_4&#8243; _builder_version=&#8221;4.16&#8243; custom_padding=&#8221;|||&#8221; global_colors_info=&#8221;{}&#8221; custom_padding__hover=&#8221;|||&#8221;][et_pb_text _builder_version=&#8221;4.27.4&#8243; _module_preset=&#8221;default&#8221; header_font=&#8221;|||on|||||&#8221; header_text_align=&#8221;center&#8221; header_text_color=&#8221;#ebb393&#8243; header_font_size=&#8221;50px&#8221; global_colors_info=&#8221;{}&#8221;]<\/p>\n<h1>Av\u00eds legal<\/h1>\n<p>[\/et_pb_text][\/et_pb_column][\/et_pb_row][\/et_pb_section][et_pb_section fb_built=&#8221;1&#8243; _builder_version=&#8221;4.27.4&#8243; _module_preset=&#8221;default&#8221; custom_padding=&#8221;40px|||||&#8221; global_colors_info=&#8221;{}&#8221;][et_pb_row _builder_version=&#8221;4.27.4&#8243; _module_preset=&#8221;default&#8221; global_colors_info=&#8221;{}&#8221;][et_pb_column type=&#8221;4_4&#8243; _builder_version=&#8221;4.27.4&#8243; _module_preset=&#8221;default&#8221; global_colors_info=&#8221;{}&#8221;][et_pb_text _builder_version=&#8221;4.27.5&#8243; _module_preset=&#8221;default&#8221; global_colors_info=&#8221;{}&#8221;]<\/p>\n<h2>\u200bDADESS DE IDENTIFICACI\u00d3<\/h2>\n<p>Esteu visitant el lloc web sota el domini YOGACSA.COM, propietat de GRADO II NIVEL II.<\/p>\n<ul>\n<li>Nom de l&#8217;empresa: GRADO II NIVEL II (&#8220;YOGA CSA&#8221;)<\/li>\n<li><strong>Domicili Social: <\/strong>PASSEIG BONANOVA, NUM 54 PLANTA 1, PORTA 2<\/li>\n<li><strong>NIF:<\/strong> B-66344698<\/li>\n<li>Tel\u00e8fon: 932 974 010<\/li>\n<li><strong>Correu electr\u00f2nic:<\/strong> info@yogacsa.com<\/li>\n<li><strong>Datos mercantiles:<\/strong> Sociedad limitada inscrita al Registro Mercantil de Barcelona, Tomo 44423, Folio 73, Hoja 455616<\/ul>\n<h2>ACCEPTACI\u00d3 DE L&#8217;USUARI<\/h2>\n<p>Aquest Av\u00eds Legal regula l&#8217;acc\u00e9s i l&#8217;\u00fas del lloc web sota el domini YOGACSA.COM (en endavant, el &#8220;Lloc web&#8221;) que GRADO II NIVEL II posa a disposici\u00f3 dels usuaris d&#8217;Internet. S&#8217;ent\u00e9n per usuari qualsevol persona que accedeixi, navegui, utilitzi o participi en els serveis i activitats d&#8217;aquest lloc web. <\/p>\n<p>Aquest lloc web compleix les disposicions de la Llei 34\/2002, de 11 de juliol, de Serveis de la Societat de la Informaci\u00f3 i de Comer\u00e7 Electr\u00f2nic, i la legislaci\u00f3 vigent en mat\u00e8ria de protecci\u00f3 de dades personals.<\/p>\n<p><strong>GRADO II NIVEL II<\/strong> pot modificar el disseny, la presentaci\u00f3 i\/o la configuraci\u00f3 del lloc web, aix\u00ed com alguns o tots els serveis, en qualsevol moment i sense previ av\u00eds, i pot afegir nous serveis.<\/p>\n<p>L&#8217;\u00fas d&#8217;aquest lloc web implica l&#8217;acceptaci\u00f3 \u00edntegra de les disposicions incloses en aquest Av\u00eds Legal i les Condicions Generals d&#8217;\u00das en la versi\u00f3 publicada per <strong>GRADO II NIVEL II<\/strong> en el moment en qu\u00e8 l&#8217;Usuari accedeix al lloc web.<\/p>\n<p>L&#8217;\u00fas de certs serveis oferts als Usuaris a trav\u00e9s del lloc web pot estar subjecte a condicions espec\u00edfiques que, segons el cas, substitueixin, complementin i\/o modifiquin aquestes Condicions Generals d&#8217;\u00das. Per tant, abans d&#8217;utilitzar aquests serveis, l&#8217;Usuari tamb\u00e9 ha de llegir amb atenci\u00f3 i acceptar les condicions espec\u00edfiques corresponents. <\/p>\n<h2>CONDICIONS GENERALS D&#8217;\u00daS<\/h2>\n<p>L&#8217;acc\u00e9s al lloc web pels usuaris \u00e9s gratu\u00eft i obert, i qualsevol \u00fas diferent de la finalitat d&#8217;aquest lloc web est\u00e0 expressament prohibit.<\/p>\n<p>L&#8217;usuari es compromet a fer un \u00fas diligent d&#8217;aquest lloc web i dels serveis accessibles des d&#8217;aquest, aix\u00ed com a mantenir el degut respecte pels altres usuaris.<\/p>\n<p>Entre altres coses, aquest comprom\u00eds implica que:<\/p>\n<ul>\n<li>L&#8217;usuari accepta utilitzar el lloc web, el seu contingut i els seus serveis en plena conformitat amb la llei, les bones costums i aquests termes d&#8217;\u00fas i, si s&#8217;escau, els termes i condicions espec\u00edfics.<\/li>\n<\/ul>\n<p>De la mateixa manera, l&#8217;Usuari es compromet a no utilitzar el lloc web ni els serveis que s&#8217;hi ofereixen amb finalitats o efectes il\u00b7l\u00edcits o contraris al contingut d&#8217;aquest Av\u00eds Legal, que siguin perjudicials per als interessos o drets de tercers, o que d&#8217;alguna manera puguin danyar, inutilitzar o deteriorar el lloc web o els seus serveis, o impedir-ne el gaudi normal per part d&#8217;altres Usuaris.<\/p>\n<ul>\n<li>L&#8217;usuari accepta expressament no destruir, alterar, desactivar o danyar de cap altra manera les dades, els programes o els documents electr\u00f2nics i altres elements que es trobin al lloc web.<\/li>\n<li>L&#8217;usuari es compromet a no obstaculitzar l&#8217;acc\u00e9s d&#8217;altres usuaris al servei consumint de manera massiva els recursos inform\u00e0tics a trav\u00e9s dels quals GRADO II NIVEL II proporciona el servei, ni a dur a terme accions que danyin, interrompin o generin errors en aquests sistemes o serveis.<\/li>\n<li>L&#8217;usuari es compromet a no introduir programes, virus, macros, applets, controls ActiveX o qualsevol altre dispositiu l\u00f2gic o seq\u00fc\u00e8ncia de car\u00e0cters que causin o puguin causar qualsevol tipus d&#8217;alteraci\u00f3 als sistemes inform\u00e0tics de GRADO II NIVEL II o de tercers.<\/li>\n<li>L&#8217;usuari es compromet a no obtenir informaci\u00f3, missatges, gr\u00e0fics, dibuixos, fitxers de so i\/o d&#8217;imatge, fotografies, enregistraments, programari i, en general, qualsevol mena de material accessible a trav\u00e9s del lloc web o dels serveis que s&#8217;hi ofereixen.<\/li>\n<li>L&#8217;usuari es compromet a fer un \u00fas adequat del contingut i els serveis (com ara comentaris, f\u00f2rums d&#8217;opini\u00f3 o p\u00e0gines obertes als lectors) que GRADO II NIVEL II ofereix al seu lloc web i a no utilitzar-los per a dur a terme activitats il\u00b7l\u00edcites o contr\u00e0ries a la bona fe i al sistema jur\u00eddic; difondre continguts o propaganda de car\u00e0cter racista, xen\u00f2fob, pornogr\u00e0fic, il\u00b7legal o que justifiqui el terrorisme o que vulneri els drets humans.<\/li>\n<li>D&#8217;acord amb la pol\u00edtica anti-spam de <strong>GRADO II NIVEL II<\/strong>, l&#8217;usuari es compromet a abstenir-se d&#8217;utilitzar i recollir dades de llistes de distribuci\u00f3 a les quals es pugui accedir a trav\u00e9s de la informaci\u00f3 i els serveis continguts al lloc web amb finalitats promocionals o publicit\u00e0ries, aix\u00ed com d&#8217;enviar comunicacions comercials de qualsevol mena i per qualsevol mitj\u00e0 que no hagin estat sol\u00b7licitades o consentides pr\u00e8viament per <strong>GRADO II NIVEL II<\/strong> i\/o els interessats<\/li>\n<\/ul>\n<p>Qualsevol usuari que intencionadament o per culpa incompleixi qualsevol de les obligacions i compromisos anteriors ser\u00e0 responsable de tots els danys causats.<\/p>\n<h2>LIMITACI\u00d3 DE GARANTIES I RESPONSABILITATS<\/h2>\n<p>GRADO II NIVEL II es compromet a fer tot el possible per evitar qualsevol error en el contingut que pugui apar\u00e8ixer al lloc web. En cap cas, GRADO II NIVEL II no ser\u00e0 responsable de cap dany de cap mena que pugui derivar-se d&#8217;una manca d&#8217;exactitud, exhaustivitat, actualitat, ni tampoc assumeix cap error o omissi\u00f3 que es pugui trobar en la informaci\u00f3 i els serveis continguts en aquest lloc web o en altres continguts als quals es pugui accedir a trav\u00e9s d&#8217;aquest, ni assumeix cap deure o comprom\u00eds de verificar o supervisar el seu contingut i la seva informaci\u00f3. <\/p>\n<p>A m\u00e9s, <strong>GRADO II NIVEL II<\/strong> no garanteix la disponibilitat, la continu\u00eftat o la infal\u00b7libilitat del funcionament del lloc web, i, per tant, exclou, en la mesura m\u00e9s \u00e0mplia permesa per la legislaci\u00f3 vigent, qualsevol responsabilitat per danys de qualsevol mena que puguin ser deguts a la manca de disponibilitat o continu\u00eftat del lloc web i dels serveis habilitats en aquest, aix\u00ed com errors en l&#8217;acc\u00e9s a les diverses p\u00e0gines web o a aquelles des de les quals, si s&#8217;escau, es presten aquests serveis.<\/p>\n<p>GRADO II NIVEL II tampoc no garanteix que el lloc web i el servidor estiguin lliures de virus i no es fa responsable de cap possible dany o perjudici que pugui derivar d&#8217;interfer\u00e8ncies, omissions, interrupcions, virus inform\u00e0tics, avaries telef\u00f2niques o desconnexions en el funcionament operatiu d&#8217;aquest sistema electr\u00f2nic, causats per raons alienes al control de GRADO II NIVEL II, retards o bloquejos en l&#8217;\u00fas d&#8217;aquest sistema electr\u00f2nic causats per fallades de la l\u00ednia telef\u00f2nica o per sobrec\u00e0rregues en el sistema d&#8217;Internet o en altres sistemes electr\u00f2nics, aix\u00ed com els danys que puguin causar tercers mitjan\u00e7ant interfer\u00e8ncies il\u00b7l\u00edcites fora del control de GRADO II NIVEL II.<\/p>\n<p><strong>GRADO II NIVEL II<\/strong> exclou qualsevol responsabilitat per danys de qualsevol mena que puguin derivar dels serveis prestats per tercers a trav\u00e9s d&#8217;aquest lloc web, aix\u00ed com dels mitjans que aquests posen a disposici\u00f3 per gestionar les sol\u00b7licituds de servei, i espec\u00edficament, a t\u00edtol merament exemplificatiu i sense limitaci\u00f3: per actes de compet\u00e8ncia deslleial i publicitat il\u00b7l\u00edcita com a resultat de la prestaci\u00f3 de serveis per part de tercers a trav\u00e9s del lloc web, aix\u00ed com per la manca de veracitat, exactitud, exhaustivitat, vicios, defectes, rellev\u00e0ncia i\/o actualitat del contingut transm\u00e8s, dif\u00f3s, emmagatzemat, rebut, obtingut, posat a disposici\u00f3 o accessible a trav\u00e9s dels serveis prestats per tercers a trav\u00e9s d&#8217;aquest lloc web.<\/p>\n<h2>PROPIETAT INTELECTUAL I INDUSTRIAL.<\/h2>\n<p>Tots els drets de propietat industrial i intel\u00b7lectual d&#8217;aquest lloc web i del seu contingut (textos, imatges, sons, \u00e0udio, v\u00eddeo, dissenys, obres creatives, programari) pertanyen, com a autor de l&#8217;obra col\u00b7lectiva o com a cessionari, a GRADO II NIVEL II o, si s&#8217;escau, a tercers.<\/p>\n<p>La reproducci\u00f3, distribuci\u00f3 i comunicaci\u00f3 p\u00fablica, inclosa la posada a disposici\u00f3, de tot o part del contingut d&#8217;aquest lloc web, amb qualsevol finalitat, en qualsevol mitj\u00e0 i per qualsevol mitj\u00e0 t\u00e8cnic, sense l&#8217;autoritzaci\u00f3 de GRADO II NIVEL II, est\u00e0 expressament prohibida.<\/p>\n<p>L&#8217;usuari es compromet a respectar els drets de propietat industrial i intel\u00b7lectual de GRADO II NIVEL II i de tercers.<\/p>\n<p>L&#8217;usuari pot visualitzar tots els elements, imprimir-los, copiar-los i emmagatzemar-los al disc dur del seu ordinador o en qualsevol altre mitj\u00e0 f\u00edsic, sempre que aix\u00f2 sigui \u00fanicament i exclusivament per al seu \u00fas personal i privat. Per tant, l&#8217;\u00fas per a altres finalitats, la distribuci\u00f3, la modificaci\u00f3, l&#8217;alteraci\u00f3 o la descompilaci\u00f3 est\u00e0 estrictament prohibit.<\/p>\n<p>GRADO II NIVEL II proporciona acc\u00e9s a tot tipus d&#8217;informaci\u00f3, serveis, programes o dades a Internet que poden pert\u00e0nyer a tercers, en aquest cas s&#8217;aplicaran els drets de propietat intel\u00b7lectual estipulats pels seus titulars.<\/p>\n<h2>ENLLA\u00c7OS DE TERCERS<\/h2>\n<p>En el cas que el lloc web contingui enlla\u00e7os o hiperenlla\u00e7os a altres llocs d&#8217;Internet, GRADO II NIVEL II no exercir\u00e0 cap mena de control sobre aquests llocs i el seu contingut.<\/p>\n<p>En cap cas GRADO II NIVEL II assumir\u00e0 cap responsabilitat pels continguts de cap enlla\u00e7 que pertanyi a un lloc web de tercers, ni garantir\u00e0 la disponibilitat t\u00e8cnica, la qualitat, la fiabilitat, l&#8217;exactitud, la completitud, la veracitat o la validesa de cap material o informaci\u00f3 continguda en cap dels hiperenlla\u00e7os o altres llocs d&#8217;Internet.<\/p>\n<p>Aquests enlla\u00e7os es proporcionen \u00fanicament per informar l&#8217;Usuari de l&#8217;exist\u00e8ncia d&#8217;altres fonts d&#8217;informaci\u00f3 sobre un tema espec\u00edfic, i la inclusi\u00f3 d&#8217;un enlla\u00e7 no implica l&#8217;aprovaci\u00f3 del lloc web enlla\u00e7at per part de GRADO II NIVEL II.<\/p>\n<p>GRADO II NIVEL II nom\u00e9s autoritza refer\u00e8ncies al seu contingut en altres llocs web, sempre que aquestes refer\u00e8ncies siguin respectuoses, compleixin la legislaci\u00f3 vigent i no reprodueixin el contingut de GRADO II NIVEL II sense l&#8217;autoritzaci\u00f3 necess\u00e0ria.<\/p>\n<h2>PROTECCI\u00d3 DE DADES PERSONALS<\/h2>\n<p>GRADO II NIVEL II adopta les mesures t\u00e8cniques i organitzatives necess\u00e0ries per garantir la protecci\u00f3 de les dades personals i prevenir-ne l&#8217;alteraci\u00f3, la p\u00e8rdua, el tractament i\/o l&#8217;acc\u00e9s no autoritzats, tenint en compte l&#8217;estat de la tecnologia, la naturalesa de les dades emmagatzemades i els riscos als quals estan exposades. Tot aix\u00f2 d&#8217;acord amb les disposicions de la legislaci\u00f3 vigent en mat\u00e8ria de protecci\u00f3 de dades personals. <\/p>\n<p>Els usuaris poden proporcionar les seves dades personals a <strong>GRADO II NIVEL II<\/strong> mitjan\u00e7ant els diversos formularis habilitats a aquest efecte al lloc web. Aquests formularis inclouen un enlla\u00e7 a la <u>Pol\u00edtica de privacitat<\/u>. <\/p>\n<p>De la mateixa manera, GRADO II NIVEL II pot obtenir dades personals generades per la vostra navegaci\u00f3 i\/o \u00fas d&#8217;aquest lloc web, d&#8217;acord amb la nostra Pol\u00edtica de privacitat.<\/p>\n<p>Si us plau, llegiu la nostra Pol\u00edtica de privacitat amb atenci\u00f3 abans de proporcionar les vostres dades personals.<\/p>\n<h2>\u00daS DE COOKIES<\/h2>\n<p>Aquest lloc web, com la majoria de llocs web a Internet, utilitza galetes per millorar l&#8217;experi\u00e8ncia de l&#8217;usuari. A la nostra Pol\u00edtica de galetes trobareu informaci\u00f3 sobre qu\u00e8 s\u00f3n les galetes, quin tipus de galetes utilitza aquest portal, com podeu desactivar les galetes al vostre navegador i com desactivar espec\u00edficament la instal\u00b7laci\u00f3 de galetes de tercers. <\/p>\n<p>Si us plau, llegiu amb atenci\u00f3 la nostra Pol\u00edtica de galetes abans de continuar navegant pel nostre lloc web.<\/p>\n<h2>MODIFICACI\u00d3 DE LES CONDICIONS DE L&#8217;AV\u00cdS LEGAL<\/h2>\n<p>GRADO II NIVEL II es reserva expressament el dret de modificar aquest Av\u00eds Legal sense previ av\u00eds. En conseq\u00fc\u00e8ncia, l&#8217;Usuari ha de llegir amb atenci\u00f3 aquest Av\u00eds Legal cada vegada que utilitzi el lloc web, ja que aquest Av\u00eds Legal pot ser modificat. <\/p>\n<p>El usuario reconoce y acepta que es su responsabilidad revisar el sitio web y el presente Aviso Legal.<\/p>\n<h2>LLEI I JURISDICCI\u00d3<\/h2>\n<p>Todas las cuestiones que se susciten entre GRADO II NIVEL II y el usuario relativas a la interpretaci\u00f3n, cumplimiento y validez del presente Aviso Legal se regir\u00e1n por sus propias cl\u00e1usulas y, en lo que en ellas no estuviere previsto, de acuerdo con la legislaci\u00f3n espa\u00f1ola, someti\u00e9ndose expresamente las partes a la jurisdicci\u00f3n de los Juzgados y Tribunales del domicilio de GRADO II NIVEL II.[\/et_pb_text][\/et_pb_column][\/et_pb_row][\/et_pb_section]<\/p>\n","protected":false},"excerpt":{"rendered":"<p>Av\u00eds legal\u200bDADESS DE IDENTIFICACI\u00d3 Esteu visitant el lloc web sota el domini YOGACSA.COM, propietat de GRADO II NIVEL II. Nom de l&#8217;empresa: GRADO II NIVEL II (&#8220;YOGA CSA&#8221;) Domicili Social: PASSEIG BONANOVA, NUM 54 PLANTA 1, PORTA 2 NIF: B-66344698 Tel\u00e8fon: 932 974 010 Correu electr\u00f2nic: info@yogacsa.com Datos mercantiles: Sociedad limitada inscrita al Registro Mercantil [&hellip;]<\/p>\n","protected":false},"author":1,"featured_media":0,"parent":0,"menu_order":100,"comment_status":"closed","ping_status":"closed","template":"","meta":{"_et_pb_use_builder":"on","_et_pb_old_content":"","_et_gb_content_width":"","footnotes":""},"class_list":["post-231042","page","type-page","status-publish","hentry"],"yoast_head":"<!-- This site is optimized with the Yoast SEO plugin v27.0 - https:\/\/yoast.com\/product\/yoast-seo-wordpress\/ -->\n<title>Av\u00eds legal - Yoga CSA<\/title>\n<meta name=\"description\" content=\"Consulteu la informaci\u00f3 legal al lloc web oficial del CSA Yoga Centre.\" \/>\n<meta name=\"robots\" content=\"noindex, nofollow\" \/>\n<meta property=\"og:locale\" content=\"ca_ES\" \/>\n<meta property=\"og:type\" content=\"article\" \/>\n<meta property=\"og:title\" content=\"Av\u00eds legal - Yoga CSA\" \/>\n<meta property=\"og:description\" content=\"Consulteu la informaci\u00f3 legal al lloc web oficial del CSA Yoga Centre.\" \/>\n<meta property=\"og:url\" content=\"https:\/\/yogacsa.com\/ca\/avis-legal\/\" \/>\n<meta property=\"og:site_name\" content=\"Yoga CSA\" \/>\n<meta property=\"article:modified_time\" content=\"2026-03-16T16:15:05+00:00\" \/>\n<meta name=\"twitter:card\" content=\"summary_large_image\" \/>\n<meta name=\"twitter:label1\" content=\"Temps estimat de lectura\" \/>\n\t<meta name=\"twitter:data1\" content=\"11 minuts\" \/>\n<script type=\"application\/ld+json\" class=\"yoast-schema-graph\">{\"@context\":\"https:\/\/schema.org\",\"@graph\":[{\"@type\":\"WebPage\",\"@id\":\"https:\/\/yogacsa.com\/ca\/avis-legal\/\",\"url\":\"https:\/\/yogacsa.com\/ca\/avis-legal\/\",\"name\":\"Av\u00eds legal - Yoga CSA\",\"isPartOf\":{\"@id\":\"https:\/\/yogacsa.com\/ca\/#website\"},\"datePublished\":\"2025-12-02T10:56:46+00:00\",\"dateModified\":\"2026-03-16T16:15:05+00:00\",\"description\":\"Consulteu la informaci\u00f3 legal al lloc web oficial del CSA Yoga Centre.\",\"breadcrumb\":{\"@id\":\"https:\/\/yogacsa.com\/ca\/avis-legal\/#breadcrumb\"},\"inLanguage\":\"ca\",\"potentialAction\":[{\"@type\":\"ReadAction\",\"target\":[\"https:\/\/yogacsa.com\/ca\/avis-legal\/\"]}]},{\"@type\":\"BreadcrumbList\",\"@id\":\"https:\/\/yogacsa.com\/ca\/avis-legal\/#breadcrumb\",\"itemListElement\":[{\"@type\":\"ListItem\",\"position\":1,\"name\":\"Portada\",\"item\":\"https:\/\/yogacsa.com\/ca\/\"},{\"@type\":\"ListItem\",\"position\":2,\"name\":\"Av\u00eds legal\"}]},{\"@type\":\"WebSite\",\"@id\":\"https:\/\/yogacsa.com\/ca\/#website\",\"url\":\"https:\/\/yogacsa.com\/ca\/\",\"name\":\"Yoga CSA\",\"description\":\"\",\"publisher\":{\"@id\":\"https:\/\/yogacsa.com\/ca\/#organization\"},\"potentialAction\":[{\"@type\":\"SearchAction\",\"target\":{\"@type\":\"EntryPoint\",\"urlTemplate\":\"https:\/\/yogacsa.com\/ca\/?s={search_term_string}\"},\"query-input\":{\"@type\":\"PropertyValueSpecification\",\"valueRequired\":true,\"valueName\":\"search_term_string\"}}],\"inLanguage\":\"ca\"},{\"@type\":\"Organization\",\"@id\":\"https:\/\/yogacsa.com\/ca\/#organization\",\"name\":\"Yoga CSA\",\"url\":\"https:\/\/yogacsa.com\/ca\/\",\"logo\":{\"@type\":\"ImageObject\",\"inLanguage\":\"ca\",\"@id\":\"https:\/\/yogacsa.com\/ca\/#\/schema\/logo\/image\/\",\"url\":\"\",\"contentUrl\":\"\",\"caption\":\"Yoga CSA\"},\"image\":{\"@id\":\"https:\/\/yogacsa.com\/ca\/#\/schema\/logo\/image\/\"}}]}<\/script>\n<!-- \/ Yoast SEO plugin. -->","yoast_head_json":{"title":"Av\u00eds legal - Yoga CSA","description":"Consulteu la informaci\u00f3 legal al lloc web oficial del CSA Yoga Centre.","robots":{"index":"noindex","follow":"nofollow"},"og_locale":"ca_ES","og_type":"article","og_title":"Av\u00eds legal - Yoga CSA","og_description":"Consulteu la informaci\u00f3 legal al lloc web oficial del CSA Yoga Centre.","og_url":"https:\/\/yogacsa.com\/ca\/avis-legal\/","og_site_name":"Yoga CSA","article_modified_time":"2026-03-16T16:15:05+00:00","twitter_card":"summary_large_image","twitter_misc":{"Temps estimat de lectura":"11 minuts"},"schema":{"@context":"https:\/\/schema.org","@graph":[{"@type":"WebPage","@id":"https:\/\/yogacsa.com\/ca\/avis-legal\/","url":"https:\/\/yogacsa.com\/ca\/avis-legal\/","name":"Av\u00eds legal - Yoga CSA","isPartOf":{"@id":"https:\/\/yogacsa.com\/ca\/#website"},"datePublished":"2025-12-02T10:56:46+00:00","dateModified":"2026-03-16T16:15:05+00:00","description":"Consulteu la informaci\u00f3 legal al lloc web oficial del CSA Yoga Centre.","breadcrumb":{"@id":"https:\/\/yogacsa.com\/ca\/avis-legal\/#breadcrumb"},"inLanguage":"ca","potentialAction":[{"@type":"ReadAction","target":["https:\/\/yogacsa.com\/ca\/avis-legal\/"]}]},{"@type":"BreadcrumbList","@id":"https:\/\/yogacsa.com\/ca\/avis-legal\/#breadcrumb","itemListElement":[{"@type":"ListItem","position":1,"name":"Portada","item":"https:\/\/yogacsa.com\/ca\/"},{"@type":"ListItem","position":2,"name":"Av\u00eds legal"}]},{"@type":"WebSite","@id":"https:\/\/yogacsa.com\/ca\/#website","url":"https:\/\/yogacsa.com\/ca\/","name":"Yoga CSA","description":"","publisher":{"@id":"https:\/\/yogacsa.com\/ca\/#organization"},"potentialAction":[{"@type":"SearchAction","target":{"@type":"EntryPoint","urlTemplate":"https:\/\/yogacsa.com\/ca\/?s={search_term_string}"},"query-input":{"@type":"PropertyValueSpecification","valueRequired":true,"valueName":"search_term_string"}}],"inLanguage":"ca"},{"@type":"Organization","@id":"https:\/\/yogacsa.com\/ca\/#organization","name":"Yoga CSA","url":"https:\/\/yogacsa.com\/ca\/","logo":{"@type":"ImageObject","inLanguage":"ca","@id":"https:\/\/yogacsa.com\/ca\/#\/schema\/logo\/image\/","url":"","contentUrl":"","caption":"Yoga CSA"},"image":{"@id":"https:\/\/yogacsa.com\/ca\/#\/schema\/logo\/image\/"}}]}},"_links":{"self":[{"href":"https:\/\/yogacsa.com\/ca\/wp-json\/wp\/v2\/pages\/231042","targetHints":{"allow":["GET"]}}],"collection":[{"href":"https:\/\/yogacsa.com\/ca\/wp-json\/wp\/v2\/pages"}],"about":[{"href":"https:\/\/yogacsa.com\/ca\/wp-json\/wp\/v2\/types\/page"}],"author":[{"embeddable":true,"href":"https:\/\/yogacsa.com\/ca\/wp-json\/wp\/v2\/users\/1"}],"replies":[{"embeddable":true,"href":"https:\/\/yogacsa.com\/ca\/wp-json\/wp\/v2\/comments?post=231042"}],"version-history":[{"count":2,"href":"https:\/\/yogacsa.com\/ca\/wp-json\/wp\/v2\/pages\/231042\/revisions"}],"predecessor-version":[{"id":231775,"href":"https:\/\/yogacsa.com\/ca\/wp-json\/wp\/v2\/pages\/231042\/revisions\/231775"}],"wp:attachment":[{"href":"https:\/\/yogacsa.com\/ca\/wp-json\/wp\/v2\/media?parent=231042"}],"curies":[{"name":"wp","href":"https:\/\/api.w.org\/{rel}","templated":true}]}}