{"id":231039,"date":"2025-12-02T11:54:15","date_gmt":"2025-12-02T10:54:15","guid":{"rendered":"https:\/\/yogacsa.com\/preguntes-frequents\/"},"modified":"2026-03-16T17:14:03","modified_gmt":"2026-03-16T16:14:03","slug":"preguntes-frequents","status":"publish","type":"page","link":"https:\/\/yogacsa.com\/ca\/preguntes-frequents\/","title":{"rendered":"Preguntes freq\u00fcents"},"content":{"rendered":"<p>[et_pb_section fb_built=&#8221;1&#8243; admin_label=&#8221;section&#8221; _builder_version=&#8221;4.27.5&#8243; background_color=&#8221;rgba(0,0,0,0.2)&#8221; background_image=&#8221;https:\/\/yogacsa.com\/wp-content\/uploads\/2026\/01\/banner-preguntas-frecuentes.webp&#8221; background_position=&#8221;top_center&#8221; background_vertical_offset=&#8221;10%&#8221; background_blend=&#8221;overlay&#8221; height=&#8221;575px&#8221; max_height=&#8221;575px&#8221; bottom_divider_color=&#8221;#FFFFFF&#8221; bottom_divider_height=&#8221;40px&#8221; bottom_divider_repeat=&#8221;1x&#8221; bottom_divider_arrangement=&#8221;above_content&#8221; hover_enabled=&#8221;0&#8243; background_last_edited=&#8221;on|phone&#8221; background_position_tablet=&#8221;center_right&#8221; background_position_phone=&#8221;center_right&#8221; background_horizontal_offset_tablet=&#8221;21%&#8221; background_horizontal_offset_phone=&#8221;31%&#8221; background_vertical_offset_tablet=&#8221;0%&#8221; background_vertical_offset_phone=&#8221;0%&#8221; custom_css_main_element=&#8221;display: flex;||flex-direction: column;||justify-content: center;&#8221; global_colors_info=&#8221;{}&#8221; sticky_enabled=&#8221;0&#8243;][et_pb_row admin_label=&#8221;row&#8221; _builder_version=&#8221;4.16&#8243; background_size=&#8221;initial&#8221; background_position=&#8221;top_left&#8221; background_repeat=&#8221;repeat&#8221; global_colors_info=&#8221;{}&#8221;][et_pb_column type=&#8221;4_4&#8243; _builder_version=&#8221;4.16&#8243; custom_padding=&#8221;|||&#8221; global_colors_info=&#8221;{}&#8221; custom_padding__hover=&#8221;|||&#8221;][et_pb_text _builder_version=&#8221;4.27.5&#8243; _module_preset=&#8221;default&#8221; header_font=&#8221;|||on|||||&#8221; header_text_align=&#8221;center&#8221; header_text_color=&#8221;#ebb393&#8243; header_font_size=&#8221;50px&#8221; header_line_height=&#8221;1.2em&#8221; header_font_size_tablet=&#8221;50px&#8221; header_font_size_phone=&#8221;40px&#8221; header_font_size_last_edited=&#8221;on|phone&#8221; global_colors_info=&#8221;{}&#8221;]<\/p>\n<h1>Preguntes freq\u00fcents<\/h1>\n<p>[\/et_pb_text][\/et_pb_column][\/et_pb_row][\/et_pb_section][et_pb_section fb_built=&#8221;1&#8243; _builder_version=&#8221;4.27.5&#8243; _module_preset=&#8221;default&#8221; custom_padding=&#8221;40px|||||&#8221; global_colors_info=&#8221;{}&#8221;][et_pb_row use_custom_gutter=&#8221;on&#8221; gutter_width=&#8221;1&#8243; _builder_version=&#8221;4.27.5&#8243; _module_preset=&#8221;default&#8221; width=&#8221;90%&#8221; custom_padding=&#8221;40px|||||&#8221; global_colors_info=&#8221;{}&#8221;][et_pb_column type=&#8221;4_4&#8243; _builder_version=&#8221;4.27.4&#8243; _module_preset=&#8221;default&#8221; global_colors_info=&#8221;{}&#8221;][et_pb_accordion open_toggle_text_color=&#8221;#000000&#8243; open_toggle_background_color=&#8221;rgba(0,0,0,0)&#8221; closed_toggle_text_color=&#8221;#ffffff&#8221; closed_toggle_background_color=&#8221;#e9550c&#8221; toggle_icon=&#8221;&#xf067;||fa||900&#8243; icon_color=&#8221;#ffffff&#8221; disabled_on=&#8221;off|off|off&#8221; _builder_version=&#8221;4.27.5&#8243; toggle_level=&#8221;h2&#8243; toggle_font=&#8221;||||||||&#8221; toggle_font_size=&#8221;17px&#8221; toggle_line_height=&#8221;1.5em&#8221; closed_toggle_font=&#8221;||||||||&#8221; body_font=&#8221;||||||||&#8221; body_text_color=&#8221;#000000&#8243; max_width_last_edited=&#8221;off|desktop&#8221; custom_margin=&#8221;|||33px|false|false&#8221; custom_margin_tablet=&#8221;40px|||0px&#8221; custom_margin_phone=&#8221;40px|||0px&#8221; custom_margin_last_edited=&#8221;on|desktop&#8221; custom_padding=&#8221;|||&#8221; animation_direction=&#8221;right&#8221; border_color_all=&#8221;#e7a781&#8243; global_colors_info=&#8221;{}&#8221; closed_toggle_background_color__hover=&#8221;#FFEB3B&#8221; closed_toggle_text_color__hover=&#8221;#042E69&#8243; icon_color__hover=&#8221;#042E69&#8243;][et_pb_accordion_item title=&#8221;Com puc reservar?&#8221; open=&#8221;on&#8221; closed_toggle_background_color=&#8221;#e7a781&#8243; _builder_version=&#8221;4.27.5&#8243; body_font=&#8221;|300|||||||&#8221; custom_margin=&#8221;||20px||false|false&#8221; global_colors_info=&#8221;{}&#8221; toggle_font=&#8221;Optima Bold||||||||&#8221; toggle_font_size=&#8221;18px&#8221; closed_toggle_font=&#8221;Optima Bold||||||||&#8221;]<\/p>\n<p>Pots fer-ho en l\u00ednia o a recepci\u00f3.<\/p>\n<p>[\/et_pb_accordion_item][et_pb_accordion_item title=&#8221;Necessito experi\u00e8ncia pr\u00e8via?&#8221; closed_toggle_background_color=&#8221;#e7a781&#8243; _builder_version=&#8221;4.27.5&#8243; body_font=&#8221;||||||||&#8221; custom_margin=&#8221;||20px||false|false&#8221; global_colors_info=&#8221;{}&#8221; toggle_level=&#8221;h2&#8243; toggle_font=&#8221;Optima Bold||||||||&#8221; toggle_font_size=&#8221;18px&#8221; open=&#8221;off&#8221;]<\/p>\n<p><span style=\"font-size: medium;\">No, adaptem les classes a tots els nivells.<\/span><\/p>\n<p>[\/et_pb_accordion_item][et_pb_accordion_item title=&#8221;He de portar material?&#8221; closed_toggle_background_color=&#8221;#e7a781&#8243; _builder_version=&#8221;4.27.5&#8243; custom_margin=&#8221;||20px||false|false&#8221; global_colors_info=&#8221;{}&#8221; toggle_font=&#8221;Optima Bold||||||||&#8221; toggle_font_size=&#8221;18px&#8221; closed_toggle_font=&#8221;Optima Bold||||||||&#8221; open=&#8221;off&#8221;]<\/p>\n<p>Pots portar la teva estoreta o utilitzar-ne una del centre.<\/p>\n<p>[\/et_pb_accordion_item][et_pb_accordion_item title=&#8221;Puc venir si estic en rehabilitaci\u00f3 o tinc mobilitat redu\u00efda?&#8221; closed_toggle_background_color=&#8221;#e7a781&#8243; _builder_version=&#8221;4.27.5&#8243; body_font=&#8221;||||||||&#8221; custom_margin=&#8221;||20px||false|false&#8221; global_colors_info=&#8221;{}&#8221; toggle_font=&#8221;Optima Bold||||||||&#8221; toggle_font_size=&#8221;18px&#8221; closed_toggle_font=&#8221;Optima Bold||||||||&#8221; open=&#8221;off&#8221;]<\/p>\n<p>S\u00ed, tenim programes adaptats i supervisats per professionals qualificats.<\/p>\n<p>[\/et_pb_accordion_item][\/et_pb_accordion][\/et_pb_column][\/et_pb_row][\/et_pb_section]<\/p>\n","protected":false},"excerpt":{"rendered":"<p>Preguntes freq\u00fcentsPots fer-ho en l\u00ednia o a recepci\u00f3.No, adaptem les classes a tots els nivells.Pots portar la teva estoreta o utilitzar-ne una del centre.S\u00ed, tenim programes adaptats i supervisats per professionals qualificats.<\/p>\n","protected":false},"author":1,"featured_media":0,"parent":0,"menu_order":50,"comment_status":"closed","ping_status":"closed","template":"","meta":{"_et_pb_use_builder":"on","_et_pb_old_content":"","_et_gb_content_width":"","footnotes":""},"class_list":["post-231039","page","type-page","status-publish","hentry"],"yoast_head":"<!-- This site is optimized with the Yoast SEO plugin v27.0 - https:\/\/yoast.com\/product\/yoast-seo-wordpress\/ -->\n<title>Preguntes freq\u00fcents (FAQ) - Yoga CSA<\/title>\n<meta name=\"description\" content=\"Resol els teus dubtes sobre les nostres classes, nivells recomanats, material necessari i metodologia. Consulta les nostres preguntes freq\u00fcents.\" \/>\n<meta name=\"robots\" content=\"index, follow, max-snippet:-1, max-image-preview:large, max-video-preview:-1\" \/>\n<link rel=\"canonical\" href=\"https:\/\/yogacsa.com\/ca\/preguntes-frequents\/\" \/>\n<meta property=\"og:locale\" content=\"ca_ES\" \/>\n<meta property=\"og:type\" content=\"article\" \/>\n<meta property=\"og:title\" content=\"Preguntes freq\u00fcents (FAQ) - Yoga CSA\" \/>\n<meta property=\"og:description\" content=\"Resol els teus dubtes sobre les nostres classes, nivells recomanats, material necessari i metodologia. Consulta les nostres preguntes freq\u00fcents.\" \/>\n<meta property=\"og:url\" content=\"https:\/\/yogacsa.com\/ca\/preguntes-frequents\/\" \/>\n<meta property=\"og:site_name\" content=\"Yoga CSA\" \/>\n<meta property=\"article:modified_time\" content=\"2026-03-16T16:14:03+00:00\" \/>\n<meta name=\"twitter:card\" content=\"summary_large_image\" \/>\n<meta name=\"twitter:label1\" content=\"Temps estimat de lectura\" \/>\n\t<meta name=\"twitter:data1\" content=\"3 minuts\" \/>\n<script type=\"application\/ld+json\" class=\"yoast-schema-graph\">{\"@context\":\"https:\/\/schema.org\",\"@graph\":[{\"@type\":\"WebPage\",\"@id\":\"https:\/\/yogacsa.com\/ca\/preguntes-frequents\/\",\"url\":\"https:\/\/yogacsa.com\/ca\/preguntes-frequents\/\",\"name\":\"Preguntes freq\u00fcents (FAQ) - Yoga CSA\",\"isPartOf\":{\"@id\":\"https:\/\/yogacsa.com\/ca\/#website\"},\"datePublished\":\"2025-12-02T10:54:15+00:00\",\"dateModified\":\"2026-03-16T16:14:03+00:00\",\"description\":\"Resol els teus dubtes sobre les nostres classes, nivells recomanats, material necessari i metodologia. Consulta les nostres preguntes freq\u00fcents.\",\"breadcrumb\":{\"@id\":\"https:\/\/yogacsa.com\/ca\/preguntes-frequents\/#breadcrumb\"},\"inLanguage\":\"ca\",\"potentialAction\":[{\"@type\":\"ReadAction\",\"target\":[\"https:\/\/yogacsa.com\/ca\/preguntes-frequents\/\"]}]},{\"@type\":\"BreadcrumbList\",\"@id\":\"https:\/\/yogacsa.com\/ca\/preguntes-frequents\/#breadcrumb\",\"itemListElement\":[{\"@type\":\"ListItem\",\"position\":1,\"name\":\"Portada\",\"item\":\"https:\/\/yogacsa.com\/ca\/\"},{\"@type\":\"ListItem\",\"position\":2,\"name\":\"Preguntes freq\u00fcents\"}]},{\"@type\":\"WebSite\",\"@id\":\"https:\/\/yogacsa.com\/ca\/#website\",\"url\":\"https:\/\/yogacsa.com\/ca\/\",\"name\":\"Yoga CSA\",\"description\":\"\",\"publisher\":{\"@id\":\"https:\/\/yogacsa.com\/ca\/#organization\"},\"potentialAction\":[{\"@type\":\"SearchAction\",\"target\":{\"@type\":\"EntryPoint\",\"urlTemplate\":\"https:\/\/yogacsa.com\/ca\/?s={search_term_string}\"},\"query-input\":{\"@type\":\"PropertyValueSpecification\",\"valueRequired\":true,\"valueName\":\"search_term_string\"}}],\"inLanguage\":\"ca\"},{\"@type\":\"Organization\",\"@id\":\"https:\/\/yogacsa.com\/ca\/#organization\",\"name\":\"Yoga CSA\",\"url\":\"https:\/\/yogacsa.com\/ca\/\",\"logo\":{\"@type\":\"ImageObject\",\"inLanguage\":\"ca\",\"@id\":\"https:\/\/yogacsa.com\/ca\/#\/schema\/logo\/image\/\",\"url\":\"\",\"contentUrl\":\"\",\"caption\":\"Yoga CSA\"},\"image\":{\"@id\":\"https:\/\/yogacsa.com\/ca\/#\/schema\/logo\/image\/\"}}]}<\/script>\n<!-- \/ Yoast SEO plugin. -->","yoast_head_json":{"title":"Preguntes freq\u00fcents (FAQ) - Yoga CSA","description":"Resol els teus dubtes sobre les nostres classes, nivells recomanats, material necessari i metodologia. Consulta les nostres preguntes freq\u00fcents.","robots":{"index":"index","follow":"follow","max-snippet":"max-snippet:-1","max-image-preview":"max-image-preview:large","max-video-preview":"max-video-preview:-1"},"canonical":"https:\/\/yogacsa.com\/ca\/preguntes-frequents\/","og_locale":"ca_ES","og_type":"article","og_title":"Preguntes freq\u00fcents (FAQ) - Yoga CSA","og_description":"Resol els teus dubtes sobre les nostres classes, nivells recomanats, material necessari i metodologia. Consulta les nostres preguntes freq\u00fcents.","og_url":"https:\/\/yogacsa.com\/ca\/preguntes-frequents\/","og_site_name":"Yoga CSA","article_modified_time":"2026-03-16T16:14:03+00:00","twitter_card":"summary_large_image","twitter_misc":{"Temps estimat de lectura":"3 minuts"},"schema":{"@context":"https:\/\/schema.org","@graph":[{"@type":"WebPage","@id":"https:\/\/yogacsa.com\/ca\/preguntes-frequents\/","url":"https:\/\/yogacsa.com\/ca\/preguntes-frequents\/","name":"Preguntes freq\u00fcents (FAQ) - Yoga CSA","isPartOf":{"@id":"https:\/\/yogacsa.com\/ca\/#website"},"datePublished":"2025-12-02T10:54:15+00:00","dateModified":"2026-03-16T16:14:03+00:00","description":"Resol els teus dubtes sobre les nostres classes, nivells recomanats, material necessari i metodologia. Consulta les nostres preguntes freq\u00fcents.","breadcrumb":{"@id":"https:\/\/yogacsa.com\/ca\/preguntes-frequents\/#breadcrumb"},"inLanguage":"ca","potentialAction":[{"@type":"ReadAction","target":["https:\/\/yogacsa.com\/ca\/preguntes-frequents\/"]}]},{"@type":"BreadcrumbList","@id":"https:\/\/yogacsa.com\/ca\/preguntes-frequents\/#breadcrumb","itemListElement":[{"@type":"ListItem","position":1,"name":"Portada","item":"https:\/\/yogacsa.com\/ca\/"},{"@type":"ListItem","position":2,"name":"Preguntes freq\u00fcents"}]},{"@type":"WebSite","@id":"https:\/\/yogacsa.com\/ca\/#website","url":"https:\/\/yogacsa.com\/ca\/","name":"Yoga CSA","description":"","publisher":{"@id":"https:\/\/yogacsa.com\/ca\/#organization"},"potentialAction":[{"@type":"SearchAction","target":{"@type":"EntryPoint","urlTemplate":"https:\/\/yogacsa.com\/ca\/?s={search_term_string}"},"query-input":{"@type":"PropertyValueSpecification","valueRequired":true,"valueName":"search_term_string"}}],"inLanguage":"ca"},{"@type":"Organization","@id":"https:\/\/yogacsa.com\/ca\/#organization","name":"Yoga CSA","url":"https:\/\/yogacsa.com\/ca\/","logo":{"@type":"ImageObject","inLanguage":"ca","@id":"https:\/\/yogacsa.com\/ca\/#\/schema\/logo\/image\/","url":"","contentUrl":"","caption":"Yoga CSA"},"image":{"@id":"https:\/\/yogacsa.com\/ca\/#\/schema\/logo\/image\/"}}]}},"_links":{"self":[{"href":"https:\/\/yogacsa.com\/ca\/wp-json\/wp\/v2\/pages\/231039","targetHints":{"allow":["GET"]}}],"collection":[{"href":"https:\/\/yogacsa.com\/ca\/wp-json\/wp\/v2\/pages"}],"about":[{"href":"https:\/\/yogacsa.com\/ca\/wp-json\/wp\/v2\/types\/page"}],"author":[{"embeddable":true,"href":"https:\/\/yogacsa.com\/ca\/wp-json\/wp\/v2\/users\/1"}],"replies":[{"embeddable":true,"href":"https:\/\/yogacsa.com\/ca\/wp-json\/wp\/v2\/comments?post=231039"}],"version-history":[{"count":2,"href":"https:\/\/yogacsa.com\/ca\/wp-json\/wp\/v2\/pages\/231039\/revisions"}],"predecessor-version":[{"id":231769,"href":"https:\/\/yogacsa.com\/ca\/wp-json\/wp\/v2\/pages\/231039\/revisions\/231769"}],"wp:attachment":[{"href":"https:\/\/yogacsa.com\/ca\/wp-json\/wp\/v2\/media?parent=231039"}],"curies":[{"name":"wp","href":"https:\/\/api.w.org\/{rel}","templated":true}]}}