{"id":231009,"date":"2026-01-21T11:32:00","date_gmt":"2026-01-21T10:32:00","guid":{"rendered":"https:\/\/yogacsa.com\/ioga-per-a-empreses\/"},"modified":"2026-03-17T10:28:26","modified_gmt":"2026-03-17T09:28:26","slug":"ioga-per-a-empreses","status":"publish","type":"page","link":"https:\/\/yogacsa.com\/ca\/ioga-per-a-empreses\/","title":{"rendered":"Ioga per a empreses"},"content":{"rendered":"<p>[et_pb_section fb_built=&#8221;1&#8243; admin_label=&#8221;section&#8221; _builder_version=&#8221;4.27.5&#8243; background_color=&#8221;rgba(0,0,0,0.2)&#8221; background_image=&#8221;https:\/\/yogacsa.com\/wp-content\/uploads\/2025\/12\/yoga-para-empresas.webp&#8221; background_position=&#8221;top_center&#8221; background_vertical_offset=&#8221;65%&#8221; background_blend=&#8221;overlay&#8221; height=&#8221;575px&#8221; max_height=&#8221;575px&#8221; bottom_divider_color=&#8221;#FFFFFF&#8221; bottom_divider_height=&#8221;40px&#8221; bottom_divider_repeat=&#8221;1x&#8221; bottom_divider_arrangement=&#8221;above_content&#8221; background_last_edited=&#8221;on|phone&#8221; background_position_phone=&#8221;center_right&#8221; background_horizontal_offset_phone=&#8221;49%&#8221; custom_css_main_element=&#8221;display: flex;||flex-direction: column;||justify-content: center;&#8221; global_colors_info=&#8221;{}&#8221;][et_pb_row admin_label=&#8221;row&#8221; _builder_version=&#8221;4.27.5&#8243; background_size=&#8221;initial&#8221; background_position=&#8221;top_left&#8221; background_repeat=&#8221;repeat&#8221; width=&#8221;90%&#8221; global_colors_info=&#8221;{}&#8221;][et_pb_column type=&#8221;4_4&#8243; _builder_version=&#8221;4.16&#8243; custom_padding=&#8221;|||&#8221; global_colors_info=&#8221;{}&#8221; custom_padding__hover=&#8221;|||&#8221;][et_pb_text _builder_version=&#8221;4.27.5&#8243; _module_preset=&#8221;default&#8221; text_font=&#8221;|700|||||||&#8221; text_text_color=&#8221;#FFFFFF&#8221; text_font_size=&#8221;22px&#8221; header_font=&#8221;|||on|||||&#8221; header_text_align=&#8221;center&#8221; header_text_color=&#8221;#ebb393&#8243; header_font_size=&#8221;50px&#8221; header_line_height=&#8221;1.2em&#8221; text_orientation=&#8221;center&#8221; header_font_size_tablet=&#8221;50px&#8221; header_font_size_phone=&#8221;40px&#8221; header_font_size_last_edited=&#8221;on|phone&#8221; global_colors_info=&#8221;{}&#8221;]<\/p>\n<h1> Ioga per a empreses<\/h1>\n<p>Cuidem el teu equip a mida de les teves necessitats<\/p>\n<p>[\/et_pb_text][et_pb_button button_url=&#8221;@ET-DC@eyJkeW5hbWljIjp0cnVlLCJjb250ZW50IjoicG9zdF9saW5rX3VybF9wYWdlIiwic2V0dGluZ3MiOnsicG9zdF9pZCI6IjMxIn19@&#8221; button_text=&#8221;Apunta&#8217;t&#8221; button_alignment=&#8221;center&#8221; _builder_version=&#8221;4.27.5&#8243; _dynamic_attributes=&#8221;button_url&#8221; _module_preset=&#8221;default&#8221; custom_button=&#8221;on&#8221; button_text_color=&#8221;#FFFFFF&#8221; button_font=&#8221;|||on|||||&#8221; hover_enabled=&#8221;0&#8243; global_colors_info=&#8221;{}&#8221; sticky_enabled=&#8221;0&#8243;][\/et_pb_button][\/et_pb_column][\/et_pb_row][\/et_pb_section][et_pb_section fb_built=&#8221;1&#8243; _builder_version=&#8221;4.27.5&#8243; _module_preset=&#8221;default&#8221; background_color=&#8221;#f8eade&#8221; custom_padding=&#8221;40px||40px|||&#8221; global_colors_info=&#8221;{}&#8221;][et_pb_row _builder_version=&#8221;4.27.5&#8243; _module_preset=&#8221;default&#8221; width=&#8221;90%&#8221; global_colors_info=&#8221;{}&#8221;][et_pb_column type=&#8221;4_4&#8243; _builder_version=&#8221;4.27.4&#8243; _module_preset=&#8221;default&#8221; global_colors_info=&#8221;{}&#8221;][et_pb_text _builder_version=&#8221;4.27.5&#8243; _module_preset=&#8221;default&#8221; text_orientation=&#8221;justified&#8221; global_colors_info=&#8221;{}&#8221;]<\/p>\n<p style=\"text-align: justify;\">Porta el benestar a la teva empresa de manera f\u00e0cil i flexible. Podeu venir al nostre espai, rebre les classes directament a l\u2019oficina o combinar ambdues opcions. Totes les nostres sessions redueixen l\u2019estr\u00e8s, milloren la concentraci\u00f3, alleugen tensions i fomenten un ambient laboral m\u00e9s positiu, oferint al teu equip moments de calma i energia renovada.  <\/p>\n<p>[\/et_pb_text][\/et_pb_column][\/et_pb_row][\/et_pb_section]<\/p>\n","protected":false},"excerpt":{"rendered":"<p>Ioga per a empreses Cuidem el teu equip a mida de les teves necessitatsPorta el benestar a la teva empresa de manera f\u00e0cil i flexible. Podeu venir al nostre espai, rebre les classes directament a l\u2019oficina o combinar ambdues opcions. Totes les nostres sessions redueixen l\u2019estr\u00e8s, milloren la concentraci\u00f3, alleugen tensions i fomenten un ambient [&hellip;]<\/p>\n","protected":false},"author":1,"featured_media":0,"parent":0,"menu_order":23,"comment_status":"closed","ping_status":"closed","template":"","meta":{"_et_pb_use_builder":"on","_et_pb_old_content":"","_et_gb_content_width":"","footnotes":""},"class_list":["post-231009","page","type-page","status-publish","hentry"],"yoast_head":"<!-- This site is optimized with the Yoast SEO plugin v27.0 - https:\/\/yoast.com\/product\/yoast-seo-wordpress\/ -->\n<title>Ioga per a empreses - Yoga CSA<\/title>\n<meta name=\"description\" content=\"Programes de ioga per a empreses dissenyats per reduir l&#039;estr\u00e8s i fomentar la salut postural dels teus empleats. Informa&#039;t sense comprom\u00eds.\" \/>\n<meta name=\"robots\" content=\"index, follow, max-snippet:-1, max-image-preview:large, max-video-preview:-1\" \/>\n<link rel=\"canonical\" href=\"https:\/\/yogacsa.com\/ca\/ioga-per-a-empreses\/\" \/>\n<meta property=\"og:locale\" content=\"ca_ES\" \/>\n<meta property=\"og:type\" content=\"article\" \/>\n<meta property=\"og:title\" content=\"Ioga per a empreses - Yoga CSA\" \/>\n<meta property=\"og:description\" content=\"Programes de ioga per a empreses dissenyats per reduir l&#039;estr\u00e8s i fomentar la salut postural dels teus empleats. Informa&#039;t sense comprom\u00eds.\" \/>\n<meta property=\"og:url\" content=\"https:\/\/yogacsa.com\/ca\/ioga-per-a-empreses\/\" \/>\n<meta property=\"og:site_name\" content=\"Yoga CSA\" \/>\n<meta property=\"article:modified_time\" content=\"2026-03-17T09:28:26+00:00\" \/>\n<meta name=\"twitter:card\" content=\"summary_large_image\" \/>\n<meta name=\"twitter:label1\" content=\"Temps estimat de lectura\" \/>\n\t<meta name=\"twitter:data1\" content=\"2 minuts\" \/>\n<script type=\"application\/ld+json\" class=\"yoast-schema-graph\">{\"@context\":\"https:\/\/schema.org\",\"@graph\":[{\"@type\":\"WebPage\",\"@id\":\"https:\/\/yogacsa.com\/ca\/ioga-per-a-empreses\/\",\"url\":\"https:\/\/yogacsa.com\/ca\/ioga-per-a-empreses\/\",\"name\":\"Ioga per a empreses - Yoga CSA\",\"isPartOf\":{\"@id\":\"https:\/\/yogacsa.com\/ca\/#website\"},\"datePublished\":\"2026-01-21T10:32:00+00:00\",\"dateModified\":\"2026-03-17T09:28:26+00:00\",\"description\":\"Programes de ioga per a empreses dissenyats per reduir l'estr\u00e8s i fomentar la salut postural dels teus empleats. Informa't sense comprom\u00eds.\",\"breadcrumb\":{\"@id\":\"https:\/\/yogacsa.com\/ca\/ioga-per-a-empreses\/#breadcrumb\"},\"inLanguage\":\"ca\",\"potentialAction\":[{\"@type\":\"ReadAction\",\"target\":[\"https:\/\/yogacsa.com\/ca\/ioga-per-a-empreses\/\"]}]},{\"@type\":\"BreadcrumbList\",\"@id\":\"https:\/\/yogacsa.com\/ca\/ioga-per-a-empreses\/#breadcrumb\",\"itemListElement\":[{\"@type\":\"ListItem\",\"position\":1,\"name\":\"Portada\",\"item\":\"https:\/\/yogacsa.com\/ca\/\"},{\"@type\":\"ListItem\",\"position\":2,\"name\":\"Ioga per a empreses\"}]},{\"@type\":\"WebSite\",\"@id\":\"https:\/\/yogacsa.com\/ca\/#website\",\"url\":\"https:\/\/yogacsa.com\/ca\/\",\"name\":\"Yoga CSA\",\"description\":\"\",\"publisher\":{\"@id\":\"https:\/\/yogacsa.com\/ca\/#organization\"},\"potentialAction\":[{\"@type\":\"SearchAction\",\"target\":{\"@type\":\"EntryPoint\",\"urlTemplate\":\"https:\/\/yogacsa.com\/ca\/?s={search_term_string}\"},\"query-input\":{\"@type\":\"PropertyValueSpecification\",\"valueRequired\":true,\"valueName\":\"search_term_string\"}}],\"inLanguage\":\"ca\"},{\"@type\":\"Organization\",\"@id\":\"https:\/\/yogacsa.com\/ca\/#organization\",\"name\":\"Yoga CSA\",\"url\":\"https:\/\/yogacsa.com\/ca\/\",\"logo\":{\"@type\":\"ImageObject\",\"inLanguage\":\"ca\",\"@id\":\"https:\/\/yogacsa.com\/ca\/#\/schema\/logo\/image\/\",\"url\":\"\",\"contentUrl\":\"\",\"caption\":\"Yoga CSA\"},\"image\":{\"@id\":\"https:\/\/yogacsa.com\/ca\/#\/schema\/logo\/image\/\"}}]}<\/script>\n<!-- \/ Yoast SEO plugin. -->","yoast_head_json":{"title":"Ioga per a empreses - Yoga CSA","description":"Programes de ioga per a empreses dissenyats per reduir l'estr\u00e8s i fomentar la salut postural dels teus empleats. Informa't sense comprom\u00eds.","robots":{"index":"index","follow":"follow","max-snippet":"max-snippet:-1","max-image-preview":"max-image-preview:large","max-video-preview":"max-video-preview:-1"},"canonical":"https:\/\/yogacsa.com\/ca\/ioga-per-a-empreses\/","og_locale":"ca_ES","og_type":"article","og_title":"Ioga per a empreses - Yoga CSA","og_description":"Programes de ioga per a empreses dissenyats per reduir l'estr\u00e8s i fomentar la salut postural dels teus empleats. Informa't sense comprom\u00eds.","og_url":"https:\/\/yogacsa.com\/ca\/ioga-per-a-empreses\/","og_site_name":"Yoga CSA","article_modified_time":"2026-03-17T09:28:26+00:00","twitter_card":"summary_large_image","twitter_misc":{"Temps estimat de lectura":"2 minuts"},"schema":{"@context":"https:\/\/schema.org","@graph":[{"@type":"WebPage","@id":"https:\/\/yogacsa.com\/ca\/ioga-per-a-empreses\/","url":"https:\/\/yogacsa.com\/ca\/ioga-per-a-empreses\/","name":"Ioga per a empreses - Yoga CSA","isPartOf":{"@id":"https:\/\/yogacsa.com\/ca\/#website"},"datePublished":"2026-01-21T10:32:00+00:00","dateModified":"2026-03-17T09:28:26+00:00","description":"Programes de ioga per a empreses dissenyats per reduir l'estr\u00e8s i fomentar la salut postural dels teus empleats. Informa't sense comprom\u00eds.","breadcrumb":{"@id":"https:\/\/yogacsa.com\/ca\/ioga-per-a-empreses\/#breadcrumb"},"inLanguage":"ca","potentialAction":[{"@type":"ReadAction","target":["https:\/\/yogacsa.com\/ca\/ioga-per-a-empreses\/"]}]},{"@type":"BreadcrumbList","@id":"https:\/\/yogacsa.com\/ca\/ioga-per-a-empreses\/#breadcrumb","itemListElement":[{"@type":"ListItem","position":1,"name":"Portada","item":"https:\/\/yogacsa.com\/ca\/"},{"@type":"ListItem","position":2,"name":"Ioga per a empreses"}]},{"@type":"WebSite","@id":"https:\/\/yogacsa.com\/ca\/#website","url":"https:\/\/yogacsa.com\/ca\/","name":"Yoga CSA","description":"","publisher":{"@id":"https:\/\/yogacsa.com\/ca\/#organization"},"potentialAction":[{"@type":"SearchAction","target":{"@type":"EntryPoint","urlTemplate":"https:\/\/yogacsa.com\/ca\/?s={search_term_string}"},"query-input":{"@type":"PropertyValueSpecification","valueRequired":true,"valueName":"search_term_string"}}],"inLanguage":"ca"},{"@type":"Organization","@id":"https:\/\/yogacsa.com\/ca\/#organization","name":"Yoga CSA","url":"https:\/\/yogacsa.com\/ca\/","logo":{"@type":"ImageObject","inLanguage":"ca","@id":"https:\/\/yogacsa.com\/ca\/#\/schema\/logo\/image\/","url":"","contentUrl":"","caption":"Yoga CSA"},"image":{"@id":"https:\/\/yogacsa.com\/ca\/#\/schema\/logo\/image\/"}}]}},"_links":{"self":[{"href":"https:\/\/yogacsa.com\/ca\/wp-json\/wp\/v2\/pages\/231009","targetHints":{"allow":["GET"]}}],"collection":[{"href":"https:\/\/yogacsa.com\/ca\/wp-json\/wp\/v2\/pages"}],"about":[{"href":"https:\/\/yogacsa.com\/ca\/wp-json\/wp\/v2\/types\/page"}],"author":[{"embeddable":true,"href":"https:\/\/yogacsa.com\/ca\/wp-json\/wp\/v2\/users\/1"}],"replies":[{"embeddable":true,"href":"https:\/\/yogacsa.com\/ca\/wp-json\/wp\/v2\/comments?post=231009"}],"version-history":[{"count":3,"href":"https:\/\/yogacsa.com\/ca\/wp-json\/wp\/v2\/pages\/231009\/revisions"}],"predecessor-version":[{"id":231784,"href":"https:\/\/yogacsa.com\/ca\/wp-json\/wp\/v2\/pages\/231009\/revisions\/231784"}],"wp:attachment":[{"href":"https:\/\/yogacsa.com\/ca\/wp-json\/wp\/v2\/media?parent=231009"}],"curies":[{"name":"wp","href":"https:\/\/api.w.org\/{rel}","templated":true}]}}