{"id":231005,"date":"2025-12-15T19:08:25","date_gmt":"2025-12-15T18:08:25","guid":{"rendered":"https:\/\/yogacsa.com\/ioga\/"},"modified":"2026-03-16T17:09:55","modified_gmt":"2026-03-16T16:09:55","slug":"ioga","status":"publish","type":"page","link":"https:\/\/yogacsa.com\/ca\/ioga\/","title":{"rendered":"Ioga"},"content":{"rendered":"<p>[et_pb_section fb_built=&#8221;1&#8243; admin_label=&#8221;section&#8221; _builder_version=&#8221;4.27.5&#8243; background_color=&#8221;rgba(0,0,0,0.2)&#8221; background_image=&#8221;https:\/\/yogacsa.com\/wp-content\/uploads\/2025\/12\/banner-actividades-tipos-yoga.webp&#8221; background_position=&#8221;bottom_center&#8221; background_vertical_offset=&#8221;40%&#8221; background_blend=&#8221;overlay&#8221; height=&#8221;575px&#8221; max_height=&#8221;575px&#8221; bottom_divider_color=&#8221;#FFFFFF&#8221; bottom_divider_height=&#8221;40px&#8221; bottom_divider_repeat=&#8221;1x&#8221; bottom_divider_arrangement=&#8221;above_content&#8221; hover_enabled=&#8221;0&#8243; background_last_edited=&#8221;on|phone&#8221; background_position_tablet=&#8221;center_right&#8221; background_position_phone=&#8221;center_right&#8221; background_horizontal_offset_tablet=&#8221;22%&#8221; background_horizontal_offset_phone=&#8221;25%&#8221; custom_css_main_element=&#8221;display: flex;||flex-direction: column;||justify-content: center;&#8221; global_colors_info=&#8221;{}&#8221; background__hover_enabled=&#8221;on|desktop&#8221; sticky_enabled=&#8221;0&#8243;][et_pb_row admin_label=&#8221;row&#8221; _builder_version=&#8221;4.16&#8243; background_size=&#8221;initial&#8221; background_position=&#8221;top_left&#8221; background_repeat=&#8221;repeat&#8221; global_colors_info=&#8221;{}&#8221;][et_pb_column type=&#8221;4_4&#8243; _builder_version=&#8221;4.16&#8243; custom_padding=&#8221;|||&#8221; global_colors_info=&#8221;{}&#8221; custom_padding__hover=&#8221;|||&#8221;][et_pb_text _builder_version=&#8221;4.27.5&#8243; _module_preset=&#8221;default&#8221; header_font=&#8221;|||on|||||&#8221; header_text_align=&#8221;center&#8221; header_text_color=&#8221;#ebb393&#8243; header_font_size=&#8221;50px&#8221; header_font_size_tablet=&#8221;50px&#8221; header_font_size_phone=&#8221;40px&#8221; header_font_size_last_edited=&#8221;on|phone&#8221; global_colors_info=&#8221;{}&#8221;]<\/p>\n<h1>Ioga<\/h1>\n<p>[\/et_pb_text][\/et_pb_column][\/et_pb_row][\/et_pb_section][et_pb_section fb_built=&#8221;1&#8243; _builder_version=&#8221;4.27.4&#8243; background_color=&#8221;#f8eade&#8221; background_enable_image=&#8221;off&#8221; custom_padding=&#8221;60px||60px||true|false&#8221; global_colors_info=&#8221;{}&#8221;][et_pb_row column_structure=&#8221;1_2,1_2&#8243; use_custom_gutter=&#8221;on&#8221; gutter_width=&#8221;1&#8243; make_equal=&#8221;on&#8221; custom_padding_last_edited=&#8221;on|phone&#8221; _builder_version=&#8221;4.27.5&#8243; width=&#8221;90%&#8221; width_tablet=&#8221;90%&#8221; width_phone=&#8221;90%&#8221; width_last_edited=&#8221;on|tablet&#8221; max_width_tablet=&#8221;90%&#8221; max_width_phone=&#8221;90%&#8221; max_width_last_edited=&#8221;off|desktop&#8221; custom_padding=&#8221;30px||40px||false|false&#8221; custom_padding_tablet=&#8221;30px||40px||false|false&#8221; custom_padding_phone=&#8221;30px||40px||false|false&#8221; global_colors_info=&#8221;{}&#8221;][et_pb_column type=&#8221;1_2&#8243; _builder_version=&#8221;4.27.5&#8243; background_enable_image=&#8221;off&#8221; background_size=&#8221;contain&#8221; custom_padding=&#8221;||30px||false|false&#8221; animation_direction=&#8221;bottom&#8221; global_colors_info=&#8221;{}&#8221;][et_pb_image src=&#8221;https:\/\/yogacsa.com\/wp-content\/uploads\/2026\/02\/yoga-hatha-yoga-csa.webp&#8221; alt=&#8221;Ioga Hatha&#8221; title_text=&#8221;Ioga Hatha&#8221; align=&#8221;center&#8221; _builder_version=&#8221;4.27.5&#8243; global_colors_info=&#8221;{}&#8221;][\/et_pb_image][et_pb_cta title=&#8221;Hatha&#8221; button_url=&#8221;@ET-DC@eyJkeW5hbWljIjp0cnVlLCJjb250ZW50IjoicG9zdF9saW5rX3VybF9wYWdlIiwic2V0dGluZ3MiOnsicG9zdF9pZCI6IjMxIn19@&#8221; button_text=&#8221;RESERVAR&#8221; _builder_version=&#8221;4.27.5&#8243; _dynamic_attributes=&#8221;button_url&#8221; header_font=&#8221;|700|||||||&#8221; header_text_align=&#8221;center&#8221; header_text_color=&#8221;#000000&#8243; header_font_size=&#8221;20px&#8221; header_line_height=&#8221;1.3em&#8221; body_font=&#8221;||||||||&#8221; body_text_align=&#8221;center&#8221; body_text_color=&#8221;#000000&#8243; background_color=&#8221;#ffffff&#8221; custom_button=&#8221;on&#8221; button_text_size=&#8221;15px&#8221; button_text_color=&#8221;#000000&#8243; button_bg_color=&#8221;RGBA(255,255,255,0)&#8221; button_border_color=&#8221;#000000&#8243; button_border_radius=&#8221;0px&#8221; button_font=&#8221;Optima Bold|600|||||||&#8221; button_use_icon=&#8221;off&#8221; button_alignment=&#8221;center&#8221; button_custom_margin=&#8221;0px||||false|false&#8221; button_custom_padding=&#8221;6px|10px|6px|10px|true|false&#8221; z_index=&#8221;248&#8243; max_width=&#8221;60%&#8221; max_width_tablet=&#8221;70%&#8221; max_width_phone=&#8221;73%&#8221; max_width_last_edited=&#8221;on|phone&#8221; module_alignment=&#8221;center&#8221; custom_margin=&#8221;-75px||||false|false&#8221; custom_margin_tablet=&#8221;-75px||||false|false&#8221; custom_margin_phone=&#8221;-75px||||false|false&#8221; custom_margin_last_edited=&#8221;on|phone&#8221; custom_padding=&#8221;25px|45px|30px|45px|false|true&#8221; border_width_top=&#8221;5px&#8221; border_color_top=&#8221;#ffffff&#8221; global_colors_info=&#8221;{}&#8221; button_text_color__hover_enabled=&#8221;off|desktop&#8221; button_text_color__hover=&#8221;#57B33F&#8221; button_bg_color__hover_enabled=&#8221;off|desktop&#8221; button_bg_color__hover=&#8221;rgba(0,0,0,0)&#8221; button_bg_enable_color__hover=&#8221;on&#8221; button_border_color__hover_enabled=&#8221;off|desktop&#8221; button_border_color__hover=&#8221;rgba(0,0,0,0)&#8221; button_letter_spacing__hover_enabled=&#8221;on|desktop&#8221; button_letter_spacing__hover=&#8221;0px&#8221; border_color_top__hover_enabled=&#8221;on|hover&#8221; border_color_top__hover=&#8221;#e7a781&#8243;]<\/p>\n<p>Sessions per equilibrar cos i ment, millorar la <strong>flexibilitat, la for\u00e7a i el benestar<\/strong>, i trobar calma i concentraci\u00f3 en cada pr\u00e0ctica.<\/p>\n<p>[\/et_pb_cta][\/et_pb_column][et_pb_column type=&#8221;1_2&#8243; _builder_version=&#8221;4.16&#8243; global_colors_info=&#8221;{}&#8221;][et_pb_image src=&#8221;https:\/\/yogacsa.com\/wp-content\/uploads\/2026\/02\/yoga-vinyasa-yoga-csa.webp&#8221; alt=&#8221;Ioga Vinyasa&#8221; title_text=&#8221;Ioga Vinyasa&#8221; align=&#8221;center&#8221; _builder_version=&#8221;4.27.5&#8243; global_colors_info=&#8221;{}&#8221;][\/et_pb_image][et_pb_cta title=&#8221;Vinyasa&#8221; button_url=&#8221;@ET-DC@eyJkeW5hbWljIjp0cnVlLCJjb250ZW50IjoicG9zdF9saW5rX3VybF9wYWdlIiwic2V0dGluZ3MiOnsicG9zdF9pZCI6IjMxIn19@&#8221; button_text=&#8221;RESERVAR&#8221; _builder_version=&#8221;4.27.5&#8243; _dynamic_attributes=&#8221;button_url&#8221; header_font=&#8221;|700|||||||&#8221; header_text_align=&#8221;center&#8221; header_text_color=&#8221;#000000&#8243; header_font_size=&#8221;20px&#8221; header_line_height=&#8221;1.3em&#8221; body_font=&#8221;||||||||&#8221; body_text_align=&#8221;center&#8221; body_text_color=&#8221;#000000&#8243; background_color=&#8221;#ffffff&#8221; custom_button=&#8221;on&#8221; button_text_size=&#8221;15px&#8221; button_text_color=&#8221;#000000&#8243; button_bg_color=&#8221;RGBA(255,255,255,0)&#8221; button_border_color=&#8221;#000000&#8243; button_border_radius=&#8221;0px&#8221; button_font=&#8221;Optima Bold|600|||||||&#8221; button_use_icon=&#8221;off&#8221; button_alignment=&#8221;center&#8221; button_custom_margin=&#8221;0px||||false|false&#8221; button_custom_padding=&#8221;6px|10px|6px|10px|true|false&#8221; z_index=&#8221;248&#8243; max_width=&#8221;60%&#8221; max_width_tablet=&#8221;70%&#8221; max_width_phone=&#8221;76%&#8221; max_width_last_edited=&#8221;on|desktop&#8221; module_alignment=&#8221;center&#8221; custom_margin=&#8221;-75px||||false|false&#8221; custom_padding=&#8221;25px|45px|30px|45px|false|true&#8221; custom_padding_tablet=&#8221;25px|45px|30px|45px|false|true&#8221; custom_padding_phone=&#8221;25px|45px|30px|45px|false|true&#8221; custom_padding_last_edited=&#8221;on|phone&#8221; border_width_top=&#8221;5px&#8221; border_color_top=&#8221;#ffffff&#8221; global_colors_info=&#8221;{}&#8221; button_text_color__hover_enabled=&#8221;off|desktop&#8221; button_text_color__hover=&#8221;#57B33F&#8221; button_bg_color__hover_enabled=&#8221;off|desktop&#8221; button_bg_color__hover=&#8221;rgba(0,0,0,0)&#8221; button_bg_enable_color__hover=&#8221;on&#8221; button_border_color__hover_enabled=&#8221;off|desktop&#8221; button_border_color__hover=&#8221;rgba(0,0,0,0)&#8221; button_letter_spacing__hover_enabled=&#8221;on|desktop&#8221; button_letter_spacing__hover=&#8221;0px&#8221; border_color_top__hover_enabled=&#8221;on|hover&#8221; border_color_top__hover=&#8221;#e7a781&#8243;]<\/p>\n<p>Sessions amb moviments fluids i coordinats amb la respiraci\u00f3, per <strong>augmentar energia, for\u00e7a i concentraci\u00f3<\/strong>, mentre connectes cos i ment.<\/p>\n<p>[\/et_pb_cta][\/et_pb_column][\/et_pb_row][et_pb_row column_structure=&#8221;1_2,1_2&#8243; use_custom_gutter=&#8221;on&#8221; gutter_width=&#8221;1&#8243; make_equal=&#8221;on&#8221; _builder_version=&#8221;4.27.5&#8243; width=&#8221;90%&#8221; width_tablet=&#8221;90%&#8221; width_phone=&#8221;90%&#8221; width_last_edited=&#8221;on|tablet&#8221; max_width_tablet=&#8221;90%&#8221; max_width_phone=&#8221;90%&#8221; max_width_last_edited=&#8221;off|desktop&#8221; custom_padding=&#8221;27px||0px||false|false&#8221; global_colors_info=&#8221;{}&#8221;][et_pb_column type=&#8221;1_2&#8243; _builder_version=&#8221;4.27.5&#8243; background_enable_image=&#8221;off&#8221; background_size=&#8221;contain&#8221; custom_padding=&#8221;||30px||false|false&#8221; animation_direction=&#8221;bottom&#8221; custom_css_main_element=&#8221;display: flex;||flex-direction: column;||justify-content: space-between;||height: 100%;&#8221; global_colors_info=&#8221;{}&#8221;][et_pb_image src=&#8221;https:\/\/yogacsa.com\/wp-content\/uploads\/2026\/02\/yoga-restaurativo.webp&#8221; alt=&#8221;Ioga restauratiu&#8221; title_text=&#8221;Ioga restauratiu&#8221; align=&#8221;center&#8221; _builder_version=&#8221;4.27.5&#8243; global_colors_info=&#8221;{}&#8221;][\/et_pb_image][et_pb_cta title=&#8221;Restauratiu&#8221; button_url=&#8221;@ET-DC@eyJkeW5hbWljIjp0cnVlLCJjb250ZW50IjoicG9zdF9saW5rX3VybF9wYWdlIiwic2V0dGluZ3MiOnsicG9zdF9pZCI6IjMxIn19@&#8221; button_text=&#8221;RESERVAR&#8221; _builder_version=&#8221;4.27.5&#8243; _dynamic_attributes=&#8221;button_url&#8221; header_font=&#8221;|700|||||||&#8221; header_text_align=&#8221;center&#8221; header_text_color=&#8221;#000000&#8243; header_font_size=&#8221;20px&#8221; header_line_height=&#8221;1.3em&#8221; body_font=&#8221;||||||||&#8221; body_text_align=&#8221;center&#8221; body_text_color=&#8221;#000000&#8243; background_color=&#8221;#ffffff&#8221; custom_button=&#8221;on&#8221; button_text_size=&#8221;15px&#8221; button_text_color=&#8221;#000000&#8243; button_bg_color=&#8221;RGBA(255,255,255,0)&#8221; button_border_color=&#8221;#000000&#8243; button_border_radius=&#8221;0px&#8221; button_font=&#8221;Optima Bold|600|||||||&#8221; button_use_icon=&#8221;off&#8221; button_alignment=&#8221;center&#8221; button_custom_margin=&#8221;0px||||false|false&#8221; button_custom_padding=&#8221;6px|10px|6px|10px|true|false&#8221; z_index=&#8221;248&#8243; max_width=&#8221;60%&#8221; max_width_tablet=&#8221;70%&#8221; max_width_phone=&#8221;80%&#8221; max_width_last_edited=&#8221;on|phone&#8221; module_alignment=&#8221;center&#8221; custom_margin=&#8221;-75px||||false|false&#8221; custom_padding=&#8221;25px|45px|30px|45px|false|true&#8221; border_width_top=&#8221;5px&#8221; border_color_top=&#8221;#ffffff&#8221; global_colors_info=&#8221;{}&#8221; button_text_color__hover_enabled=&#8221;off|desktop&#8221; button_text_color__hover=&#8221;#57B33F&#8221; button_bg_color__hover_enabled=&#8221;off|desktop&#8221; button_bg_color__hover=&#8221;rgba(0,0,0,0)&#8221; button_bg_enable_color__hover=&#8221;on&#8221; button_border_color__hover_enabled=&#8221;off|desktop&#8221; button_border_color__hover=&#8221;rgba(0,0,0,0)&#8221; button_letter_spacing__hover_enabled=&#8221;on|desktop&#8221; button_letter_spacing__hover=&#8221;0px&#8221; border_color_top__hover_enabled=&#8221;on|desktop&#8221; border_color_top__hover=&#8221;#e7a781&#8243; border_width_top__hover_enabled=&#8221;on|hover&#8221; border_width_top__hover=&#8221;5px&#8221;]<\/p>\n<p>Sessions pensades per a qui busca un <strong>descans profund i recuperaci\u00f3<\/strong>, centrades en <strong>postures suaus i sostenides<\/strong>, respiraci\u00f3 conscient i t\u00e8cniques de relaxaci\u00f3, afavorint la <strong>calma<\/strong>, l\u2019equilibri del sistema nervi\u00f3s i una sensaci\u00f3 profunda de benestar.<\/p>\n<p>[\/et_pb_cta][\/et_pb_column][et_pb_column type=&#8221;1_2&#8243; _builder_version=&#8221;4.27.5&#8243; global_colors_info=&#8221;{}&#8221;][et_pb_image src=&#8221;https:\/\/yogacsa.com\/wp-content\/uploads\/2026\/02\/yoga-iniciacion-yoga-csa.webp&#8221; alt=&#8221;Iniciaci\u00f3 al ioga&#8221; title_text=&#8221;Iniciaci\u00f3 al ioga&#8221; align=&#8221;center&#8221; _builder_version=&#8221;4.27.5&#8243; global_colors_info=&#8221;{}&#8221;][\/et_pb_image][et_pb_cta title=&#8221;Iniciaci\u00f3&#8221; button_url=&#8221;@ET-DC@eyJkeW5hbWljIjp0cnVlLCJjb250ZW50IjoicG9zdF9saW5rX3VybF9wYWdlIiwic2V0dGluZ3MiOnsicG9zdF9pZCI6IjMxIn19@&#8221; button_text=&#8221;RESERVAR&#8221; _builder_version=&#8221;4.27.5&#8243; _dynamic_attributes=&#8221;button_url&#8221; header_font=&#8221;|700|||||||&#8221; header_text_align=&#8221;center&#8221; header_text_color=&#8221;#000000&#8243; header_font_size=&#8221;20px&#8221; header_line_height=&#8221;1.3em&#8221; body_font=&#8221;||||||||&#8221; body_text_align=&#8221;center&#8221; body_text_color=&#8221;#000000&#8243; background_color=&#8221;#ffffff&#8221; custom_button=&#8221;on&#8221; button_text_size=&#8221;15px&#8221; button_text_color=&#8221;#000000&#8243; button_bg_color=&#8221;RGBA(255,255,255,0)&#8221; button_border_color=&#8221;#000000&#8243; button_border_radius=&#8221;0px&#8221; button_font=&#8221;Optima Bold|600|||||||&#8221; button_use_icon=&#8221;off&#8221; button_alignment=&#8221;center&#8221; button_custom_margin=&#8221;0px||||false|false&#8221; button_custom_padding=&#8221;6px|10px|6px|10px|true|false&#8221; z_index=&#8221;248&#8243; max_width=&#8221;60%&#8221; max_width_tablet=&#8221;70%&#8221; max_width_phone=&#8221;70%&#8221; max_width_last_edited=&#8221;on|phone&#8221; module_alignment=&#8221;center&#8221; custom_margin=&#8221;-75px||||false|false&#8221; custom_padding=&#8221;25px|45px|30px|45px|false|true&#8221; border_width_top=&#8221;5px&#8221; border_color_top=&#8221;#ffffff&#8221; global_colors_info=&#8221;{}&#8221; button_text_color__hover_enabled=&#8221;off|desktop&#8221; button_text_color__hover=&#8221;#57B33F&#8221; button_bg_color__hover_enabled=&#8221;off|desktop&#8221; button_bg_color__hover=&#8221;rgba(0,0,0,0)&#8221; button_bg_enable_color__hover=&#8221;on&#8221; button_border_color__hover_enabled=&#8221;off|desktop&#8221; button_border_color__hover=&#8221;rgba(0,0,0,0)&#8221; button_letter_spacing__hover_enabled=&#8221;on|desktop&#8221; button_letter_spacing__hover=&#8221;0px&#8221; border_color_top__hover_enabled=&#8221;on|hover&#8221; border_color_top__hover=&#8221;#e7a781&#8243;]<\/p>\n<p>Sessions pensades per a qui comen\u00e7a, enfocades a <strong>aprendre postures, respiraci\u00f3 i t\u00e8cniques b\u00e0siques<\/strong>, desenvolupant calma, benestar i confian\u00e7a en la pr\u00e0ctica.<\/p>\n<p>[\/et_pb_cta][\/et_pb_column][\/et_pb_row][\/et_pb_section]<\/p>\n","protected":false},"excerpt":{"rendered":"<p>IogaSessions per equilibrar cos i ment, millorar la flexibilitat, la for\u00e7a i el benestar, i trobar calma i concentraci\u00f3 en cada pr\u00e0ctica.Sessions amb moviments fluids i coordinats amb la respiraci\u00f3, per augmentar energia, for\u00e7a i concentraci\u00f3, mentre connectes cos i ment.Sessions pensades per a qui busca un descans profund i recuperaci\u00f3, centrades en postures suaus [&hellip;]<\/p>\n","protected":false},"author":1,"featured_media":0,"parent":0,"menu_order":21,"comment_status":"closed","ping_status":"closed","template":"","meta":{"_et_pb_use_builder":"on","_et_pb_old_content":"","_et_gb_content_width":"","footnotes":""},"class_list":["post-231005","page","type-page","status-publish","hentry"],"yoast_head":"<!-- This site is optimized with the Yoast SEO plugin v27.0 - https:\/\/yoast.com\/product\/yoast-seo-wordpress\/ -->\n<title>Ioga - Yoga CSA<\/title>\n<meta name=\"description\" content=\"Uneix-te a les nostres classes de ioga per a tots els nivells. Millora la teva mobilitat, alleuja tensions i cultiva la calma. Consulta la nostra oferta.\" \/>\n<meta name=\"robots\" content=\"index, follow, max-snippet:-1, max-image-preview:large, max-video-preview:-1\" \/>\n<link rel=\"canonical\" href=\"https:\/\/yogacsa.com\/ca\/ioga\/\" \/>\n<meta property=\"og:locale\" content=\"ca_ES\" \/>\n<meta property=\"og:type\" content=\"article\" \/>\n<meta property=\"og:title\" content=\"Ioga - Yoga CSA\" \/>\n<meta property=\"og:description\" content=\"Uneix-te a les nostres classes de ioga per a tots els nivells. Millora la teva mobilitat, alleuja tensions i cultiva la calma. Consulta la nostra oferta.\" \/>\n<meta property=\"og:url\" content=\"https:\/\/yogacsa.com\/ca\/ioga\/\" \/>\n<meta property=\"og:site_name\" content=\"Yoga CSA\" \/>\n<meta property=\"article:modified_time\" content=\"2026-03-16T16:09:55+00:00\" \/>\n<meta name=\"twitter:card\" content=\"summary_large_image\" \/>\n<meta name=\"twitter:label1\" content=\"Temps estimat de lectura\" \/>\n\t<meta name=\"twitter:data1\" content=\"8 minuts\" \/>\n<script type=\"application\/ld+json\" class=\"yoast-schema-graph\">{\"@context\":\"https:\/\/schema.org\",\"@graph\":[{\"@type\":\"WebPage\",\"@id\":\"https:\/\/yogacsa.com\/ca\/ioga\/\",\"url\":\"https:\/\/yogacsa.com\/ca\/ioga\/\",\"name\":\"Ioga - Yoga CSA\",\"isPartOf\":{\"@id\":\"https:\/\/yogacsa.com\/ca\/#website\"},\"datePublished\":\"2025-12-15T18:08:25+00:00\",\"dateModified\":\"2026-03-16T16:09:55+00:00\",\"description\":\"Uneix-te a les nostres classes de ioga per a tots els nivells. Millora la teva mobilitat, alleuja tensions i cultiva la calma. Consulta la nostra oferta.\",\"breadcrumb\":{\"@id\":\"https:\/\/yogacsa.com\/ca\/ioga\/#breadcrumb\"},\"inLanguage\":\"ca\",\"potentialAction\":[{\"@type\":\"ReadAction\",\"target\":[\"https:\/\/yogacsa.com\/ca\/ioga\/\"]}]},{\"@type\":\"BreadcrumbList\",\"@id\":\"https:\/\/yogacsa.com\/ca\/ioga\/#breadcrumb\",\"itemListElement\":[{\"@type\":\"ListItem\",\"position\":1,\"name\":\"Portada\",\"item\":\"https:\/\/yogacsa.com\/ca\/\"},{\"@type\":\"ListItem\",\"position\":2,\"name\":\"Ioga\"}]},{\"@type\":\"WebSite\",\"@id\":\"https:\/\/yogacsa.com\/ca\/#website\",\"url\":\"https:\/\/yogacsa.com\/ca\/\",\"name\":\"Yoga CSA\",\"description\":\"\",\"publisher\":{\"@id\":\"https:\/\/yogacsa.com\/ca\/#organization\"},\"potentialAction\":[{\"@type\":\"SearchAction\",\"target\":{\"@type\":\"EntryPoint\",\"urlTemplate\":\"https:\/\/yogacsa.com\/ca\/?s={search_term_string}\"},\"query-input\":{\"@type\":\"PropertyValueSpecification\",\"valueRequired\":true,\"valueName\":\"search_term_string\"}}],\"inLanguage\":\"ca\"},{\"@type\":\"Organization\",\"@id\":\"https:\/\/yogacsa.com\/ca\/#organization\",\"name\":\"Yoga CSA\",\"url\":\"https:\/\/yogacsa.com\/ca\/\",\"logo\":{\"@type\":\"ImageObject\",\"inLanguage\":\"ca\",\"@id\":\"https:\/\/yogacsa.com\/ca\/#\/schema\/logo\/image\/\",\"url\":\"\",\"contentUrl\":\"\",\"caption\":\"Yoga CSA\"},\"image\":{\"@id\":\"https:\/\/yogacsa.com\/ca\/#\/schema\/logo\/image\/\"}}]}<\/script>\n<!-- \/ Yoast SEO plugin. -->","yoast_head_json":{"title":"Ioga - Yoga CSA","description":"Uneix-te a les nostres classes de ioga per a tots els nivells. Millora la teva mobilitat, alleuja tensions i cultiva la calma. Consulta la nostra oferta.","robots":{"index":"index","follow":"follow","max-snippet":"max-snippet:-1","max-image-preview":"max-image-preview:large","max-video-preview":"max-video-preview:-1"},"canonical":"https:\/\/yogacsa.com\/ca\/ioga\/","og_locale":"ca_ES","og_type":"article","og_title":"Ioga - Yoga CSA","og_description":"Uneix-te a les nostres classes de ioga per a tots els nivells. Millora la teva mobilitat, alleuja tensions i cultiva la calma. Consulta la nostra oferta.","og_url":"https:\/\/yogacsa.com\/ca\/ioga\/","og_site_name":"Yoga CSA","article_modified_time":"2026-03-16T16:09:55+00:00","twitter_card":"summary_large_image","twitter_misc":{"Temps estimat de lectura":"8 minuts"},"schema":{"@context":"https:\/\/schema.org","@graph":[{"@type":"WebPage","@id":"https:\/\/yogacsa.com\/ca\/ioga\/","url":"https:\/\/yogacsa.com\/ca\/ioga\/","name":"Ioga - Yoga CSA","isPartOf":{"@id":"https:\/\/yogacsa.com\/ca\/#website"},"datePublished":"2025-12-15T18:08:25+00:00","dateModified":"2026-03-16T16:09:55+00:00","description":"Uneix-te a les nostres classes de ioga per a tots els nivells. Millora la teva mobilitat, alleuja tensions i cultiva la calma. Consulta la nostra oferta.","breadcrumb":{"@id":"https:\/\/yogacsa.com\/ca\/ioga\/#breadcrumb"},"inLanguage":"ca","potentialAction":[{"@type":"ReadAction","target":["https:\/\/yogacsa.com\/ca\/ioga\/"]}]},{"@type":"BreadcrumbList","@id":"https:\/\/yogacsa.com\/ca\/ioga\/#breadcrumb","itemListElement":[{"@type":"ListItem","position":1,"name":"Portada","item":"https:\/\/yogacsa.com\/ca\/"},{"@type":"ListItem","position":2,"name":"Ioga"}]},{"@type":"WebSite","@id":"https:\/\/yogacsa.com\/ca\/#website","url":"https:\/\/yogacsa.com\/ca\/","name":"Yoga CSA","description":"","publisher":{"@id":"https:\/\/yogacsa.com\/ca\/#organization"},"potentialAction":[{"@type":"SearchAction","target":{"@type":"EntryPoint","urlTemplate":"https:\/\/yogacsa.com\/ca\/?s={search_term_string}"},"query-input":{"@type":"PropertyValueSpecification","valueRequired":true,"valueName":"search_term_string"}}],"inLanguage":"ca"},{"@type":"Organization","@id":"https:\/\/yogacsa.com\/ca\/#organization","name":"Yoga CSA","url":"https:\/\/yogacsa.com\/ca\/","logo":{"@type":"ImageObject","inLanguage":"ca","@id":"https:\/\/yogacsa.com\/ca\/#\/schema\/logo\/image\/","url":"","contentUrl":"","caption":"Yoga CSA"},"image":{"@id":"https:\/\/yogacsa.com\/ca\/#\/schema\/logo\/image\/"}}]}},"_links":{"self":[{"href":"https:\/\/yogacsa.com\/ca\/wp-json\/wp\/v2\/pages\/231005","targetHints":{"allow":["GET"]}}],"collection":[{"href":"https:\/\/yogacsa.com\/ca\/wp-json\/wp\/v2\/pages"}],"about":[{"href":"https:\/\/yogacsa.com\/ca\/wp-json\/wp\/v2\/types\/page"}],"author":[{"embeddable":true,"href":"https:\/\/yogacsa.com\/ca\/wp-json\/wp\/v2\/users\/1"}],"replies":[{"embeddable":true,"href":"https:\/\/yogacsa.com\/ca\/wp-json\/wp\/v2\/comments?post=231005"}],"version-history":[{"count":2,"href":"https:\/\/yogacsa.com\/ca\/wp-json\/wp\/v2\/pages\/231005\/revisions"}],"predecessor-version":[{"id":231747,"href":"https:\/\/yogacsa.com\/ca\/wp-json\/wp\/v2\/pages\/231005\/revisions\/231747"}],"wp:attachment":[{"href":"https:\/\/yogacsa.com\/ca\/wp-json\/wp\/v2\/media?parent=231005"}],"curies":[{"name":"wp","href":"https:\/\/api.w.org\/{rel}","templated":true}]}}