{"id":230997,"date":"2025-12-10T11:21:07","date_gmt":"2025-12-10T10:21:07","guid":{"rendered":"https:\/\/yogacsa.com\/qui-som\/vinculacio-amb-la-clinica\/"},"modified":"2026-03-16T17:09:02","modified_gmt":"2026-03-16T16:09:02","slug":"vinculacio-amb-la-clinica","status":"publish","type":"page","link":"https:\/\/yogacsa.com\/ca\/vinculacio-amb-la-clinica\/","title":{"rendered":"Vinculaci\u00f3 amb la cl\u00ednica"},"content":{"rendered":"<p>[et_pb_section fb_built=&#8221;1&#8243; admin_label=&#8221;section&#8221; _builder_version=&#8221;4.27.5&#8243; background_color=&#8221;rgba(0,0,0,0.2)&#8221; background_image=&#8221;https:\/\/yogacsa.com\/wp-content\/uploads\/2025\/12\/recepcion-clinica-sant-antoni.webp&#8221; background_blend=&#8221;overlay&#8221; height=&#8221;575px&#8221; max_height=&#8221;575px&#8221; bottom_divider_color=&#8221;#FFFFFF&#8221; bottom_divider_height=&#8221;40px&#8221; bottom_divider_repeat=&#8221;1x&#8221; bottom_divider_arrangement=&#8221;above_content&#8221; hover_enabled=&#8221;0&#8243; custom_css_main_element=&#8221;display: flex;||flex-direction: column;||justify-content: center;&#8221; global_colors_info=&#8221;{}&#8221; sticky_enabled=&#8221;0&#8243;][et_pb_row make_equal=&#8221;on&#8221; admin_label=&#8221;row&#8221; _builder_version=&#8221;4.27.4&#8243; background_size=&#8221;initial&#8221; background_position=&#8221;top_left&#8221; background_repeat=&#8221;repeat&#8221; custom_css_main_element=&#8221;margin: auto;&#8221; global_colors_info=&#8221;{}&#8221;][et_pb_column type=&#8221;4_4&#8243; _builder_version=&#8221;4.16&#8243; custom_padding=&#8221;|||&#8221; global_colors_info=&#8221;{}&#8221; custom_padding__hover=&#8221;|||&#8221;][et_pb_text _builder_version=&#8221;4.27.5&#8243; _module_preset=&#8221;default&#8221; header_font=&#8221;|||on|||||&#8221; header_text_color=&#8221;#ebb393&#8243; header_font_size=&#8221;50px&#8221; header_line_height=&#8221;1.2em&#8221; text_orientation=&#8221;center&#8221; header_font_size_tablet=&#8221;50px&#8221; header_font_size_phone=&#8221;40px&#8221; header_font_size_last_edited=&#8221;on|phone&#8221; global_colors_info=&#8221;{}&#8221;]<\/p>\n<h1>Vinculaci\u00f3 amb la cl\u00ednica<\/h1>\n<p>[\/et_pb_text][\/et_pb_column][\/et_pb_row][\/et_pb_section][et_pb_section fb_built=&#8221;1&#8243; _builder_version=&#8221;4.16&#8243; custom_padding=&#8221;60px||60px||true|&#8221; global_colors_info=&#8221;{}&#8221;][et_pb_row column_structure=&#8221;3_5,2_5&#8243; use_custom_gutter=&#8221;on&#8221; gutter_width=&#8221;2&#8243; make_equal=&#8221;on&#8221; _builder_version=&#8221;4.27.5&#8243; width_tablet=&#8221;90%&#8221; width_phone=&#8221;90%&#8221; width_last_edited=&#8221;off|desktop&#8221; max_width_tablet=&#8221;90%&#8221; max_width_phone=&#8221;90%&#8221; max_width_last_edited=&#8221;off|desktop&#8221; custom_padding=&#8221;0px||0px||true|&#8221; global_colors_info=&#8221;{}&#8221;][et_pb_column type=&#8221;3_5&#8243; _builder_version=&#8221;4.16&#8243; global_colors_info=&#8221;{}&#8221;][et_pb_text _builder_version=&#8221;4.27.4&#8243; text_font=&#8221;||||||||&#8221; text_text_color=&#8221;#000000&#8243; ul_line_height=&#8221;1.8em&#8221; custom_padding=&#8221;|25px|||false|false&#8221; scroll_fade=&#8221;0|50|50|100|0|50%|100%&#8221; motion_trigger_start=&#8221;top&#8221; global_colors_info=&#8221;{}&#8221;]<\/p>\n<p><strong>La Cl\u00ednica Sant Antoni est\u00e0 travessant un proc\u00e9s de transformaci\u00f3 impulsat per la incorporaci\u00f3 del ioga.<\/strong> Fa tres anys es van comen\u00e7ar a oferir pr\u00e0ctiques de ioga als empleats dins de la jornada laboral, la qual cosa ha suposat nombrosos beneficis, entre els quals:<\/p>\n<ul>\n<li><strong>Millora del clima laboral.<\/strong><\/li>\n<li><strong>Descens de les baixes m\u00e8diques.<\/strong><\/li>\n<li><strong>Reducci\u00f3 de l\u2019estr\u00e8s dels treballadors.<\/strong><\/li>\n<li><strong>Augment del benestar dels pacients.<\/strong><\/li>\n<\/ul>\n<p>PPosteriorment, el ioga es va incorporar com a <strong>ter\u00e0pia complement\u00e0ria dins dels cures als pacients<\/strong>, acompanyada d\u2019una investigaci\u00f3 cient\u00edfica que acredita els seg\u00fcents resultats:<\/p>\n<ul>\n<li><strong>Millor recuperaci\u00f3.<\/strong><\/li>\n<li><strong>Disminuci\u00f3 del dolor.<\/strong><\/li>\n<li><strong>Millor percepci\u00f3 de la qualitat de vida.<\/strong><\/li>\n<li><strong>Millor descans.<\/strong><\/li>\n<\/ul>\n<p><strong>S\u2019han acreditat cient\u00edficament els beneficis del ioga terap\u00e8utic<\/strong>, els quals han estat avaluats mitjan\u00e7ant l\u2019<strong>escala Plugged<\/strong>, un instrument que permet mesurar de manera objectiva les variables esmentades anteriorment.<\/p>\n<p>La <strong>comparaci\u00f3 dels resultats obtinguts<\/strong> entre pacients que practiquen ioga i aquells que no ho fan <strong>evidencia difer\u00e8ncies significatives a favor dels primers<\/strong>.<\/p>\n<p>Despr\u00e9s de <strong>constatar els resultats altament beneficiosos<\/strong> obtinguts en aquesta cl\u00ednica, s\u2019ha decidit <strong>ampliar la iniciativa a la participaci\u00f3 del p\u00fablic en general<\/strong>, oferint la possibilitat d\u2019inscripci\u00f3 a <strong>qualsevol persona interessada<\/strong>, sense necessitat de ser pacient ni treballador del centre.<\/p>\n<p>Amb aquesta acci\u00f3 es pret\u00e9n <strong>dotar el barri d\u2019un centre de ioga<\/strong>, del qual fins ara en mancava.<\/p>\n<p>[\/et_pb_text][\/et_pb_column][et_pb_column type=&#8221;2_5&#8243; _builder_version=&#8221;4.16&#8243; global_colors_info=&#8221;{}&#8221;][et_pb_image src=&#8221;https:\/\/yogacsa.com\/wp-content\/uploads\/2025\/12\/clinica-sant-antoni-1.webp&#8221; alt=&#8221;Cl\u00ednica Sant Antoni&#8221; title_text=&#8221;Cl\u00ednica Sant Antoni&#8221; _builder_version=&#8221;4.27.5&#8243; global_colors_info=&#8221;{}&#8221;][\/et_pb_image][et_pb_image src=&#8221;https:\/\/yogacsa.com\/wp-content\/uploads\/2025\/12\/espacio-del-bienestar.webp&#8221; alt=&#8221;Espai del benestar&#8221; title_text=&#8221;Espai del benestar&#8221; _builder_version=&#8221;4.27.5&#8243; max_width=&#8221;65%&#8221; custom_margin=&#8221;-320px|||-35px|false|false&#8221; custom_margin_tablet=&#8221;-300px|||0px|false|false&#8221; custom_margin_phone=&#8221;-209px|||0px|false|false&#8221; custom_margin_last_edited=&#8221;on|desktop&#8221; border_width_top=&#8221;10px&#8221; border_color_top=&#8221;#ffffff&#8221; border_width_right=&#8221;10px&#8221; border_color_right=&#8221;#ffffff&#8221; border_width_bottom=&#8221;10px&#8221; border_color_bottom=&#8221;#FFFFFF&#8221; box_shadow_style=&#8221;preset3&#8243; box_shadow_horizontal=&#8221;38px&#8221; box_shadow_vertical=&#8221;-30px&#8221; box_shadow_blur=&#8221;51px&#8221; global_colors_info=&#8221;{}&#8221;][\/et_pb_image][\/et_pb_column][\/et_pb_row][\/et_pb_section]<\/p>\n","protected":false},"excerpt":{"rendered":"<p>Vinculaci\u00f3 amb la cl\u00ednicaLa Cl\u00ednica Sant Antoni est\u00e0 travessant un proc\u00e9s de transformaci\u00f3 impulsat per la incorporaci\u00f3 del ioga. Fa tres anys es van comen\u00e7ar a oferir pr\u00e0ctiques de ioga als empleats dins de la jornada laboral, la qual cosa ha suposat nombrosos beneficis, entre els quals: Millora del clima laboral. Descens de les baixes [&hellip;]<\/p>\n","protected":false},"author":1,"featured_media":0,"parent":0,"menu_order":14,"comment_status":"closed","ping_status":"closed","template":"","meta":{"_et_pb_use_builder":"on","_et_pb_old_content":"","_et_gb_content_width":"","footnotes":""},"class_list":["post-230997","page","type-page","status-publish","hentry"],"yoast_head":"<!-- This site is optimized with the Yoast SEO plugin v27.0 - https:\/\/yoast.com\/product\/yoast-seo-wordpress\/ -->\n<title>Vinculaci\u00f3 amb la cl\u00ednica - Yoga CSA<\/title>\n<meta name=\"description\" content=\"Descobreix el vincle entre Yoga CSA i la Cl\u00ednica Sant Antoni. Els beneficis del ioga terap\u00e8utic han estat provats cient\u00edficament, avaluats mitjan\u00e7ant l&#039;escala Plugged.\" \/>\n<meta name=\"robots\" content=\"index, follow, max-snippet:-1, max-image-preview:large, max-video-preview:-1\" \/>\n<link rel=\"canonical\" href=\"https:\/\/yogacsa.com\/ca\/vinculacio-amb-la-clinica\/\" \/>\n<meta property=\"og:locale\" content=\"ca_ES\" \/>\n<meta property=\"og:type\" content=\"article\" \/>\n<meta property=\"og:title\" content=\"Vinculaci\u00f3 amb la cl\u00ednica - Yoga CSA\" \/>\n<meta property=\"og:description\" content=\"Descobreix el vincle entre Yoga CSA i la Cl\u00ednica Sant Antoni. Els beneficis del ioga terap\u00e8utic han estat provats cient\u00edficament, avaluats mitjan\u00e7ant l&#039;escala Plugged.\" \/>\n<meta property=\"og:url\" content=\"https:\/\/yogacsa.com\/ca\/vinculacio-amb-la-clinica\/\" \/>\n<meta property=\"og:site_name\" content=\"Yoga CSA\" \/>\n<meta property=\"article:modified_time\" content=\"2026-03-16T16:09:02+00:00\" \/>\n<meta name=\"twitter:card\" content=\"summary_large_image\" \/>\n<meta name=\"twitter:label1\" content=\"Temps estimat de lectura\" \/>\n\t<meta name=\"twitter:data1\" content=\"3 minuts\" \/>\n<script type=\"application\/ld+json\" class=\"yoast-schema-graph\">{\"@context\":\"https:\/\/schema.org\",\"@graph\":[{\"@type\":\"WebPage\",\"@id\":\"https:\/\/yogacsa.com\/ca\/vinculacio-amb-la-clinica\/\",\"url\":\"https:\/\/yogacsa.com\/ca\/vinculacio-amb-la-clinica\/\",\"name\":\"Vinculaci\u00f3 amb la cl\u00ednica - Yoga CSA\",\"isPartOf\":{\"@id\":\"https:\/\/yogacsa.com\/ca\/#website\"},\"datePublished\":\"2025-12-10T10:21:07+00:00\",\"dateModified\":\"2026-03-16T16:09:02+00:00\",\"description\":\"Descobreix el vincle entre Yoga CSA i la Cl\u00ednica Sant Antoni. Els beneficis del ioga terap\u00e8utic han estat provats cient\u00edficament, avaluats mitjan\u00e7ant l'escala Plugged.\",\"breadcrumb\":{\"@id\":\"https:\/\/yogacsa.com\/ca\/vinculacio-amb-la-clinica\/#breadcrumb\"},\"inLanguage\":\"ca\",\"potentialAction\":[{\"@type\":\"ReadAction\",\"target\":[\"https:\/\/yogacsa.com\/ca\/vinculacio-amb-la-clinica\/\"]}]},{\"@type\":\"BreadcrumbList\",\"@id\":\"https:\/\/yogacsa.com\/ca\/vinculacio-amb-la-clinica\/#breadcrumb\",\"itemListElement\":[{\"@type\":\"ListItem\",\"position\":1,\"name\":\"Portada\",\"item\":\"https:\/\/yogacsa.com\/ca\/\"},{\"@type\":\"ListItem\",\"position\":2,\"name\":\"Vinculaci\u00f3 amb la cl\u00ednica\"}]},{\"@type\":\"WebSite\",\"@id\":\"https:\/\/yogacsa.com\/ca\/#website\",\"url\":\"https:\/\/yogacsa.com\/ca\/\",\"name\":\"Yoga CSA\",\"description\":\"\",\"publisher\":{\"@id\":\"https:\/\/yogacsa.com\/ca\/#organization\"},\"potentialAction\":[{\"@type\":\"SearchAction\",\"target\":{\"@type\":\"EntryPoint\",\"urlTemplate\":\"https:\/\/yogacsa.com\/ca\/?s={search_term_string}\"},\"query-input\":{\"@type\":\"PropertyValueSpecification\",\"valueRequired\":true,\"valueName\":\"search_term_string\"}}],\"inLanguage\":\"ca\"},{\"@type\":\"Organization\",\"@id\":\"https:\/\/yogacsa.com\/ca\/#organization\",\"name\":\"Yoga CSA\",\"url\":\"https:\/\/yogacsa.com\/ca\/\",\"logo\":{\"@type\":\"ImageObject\",\"inLanguage\":\"ca\",\"@id\":\"https:\/\/yogacsa.com\/ca\/#\/schema\/logo\/image\/\",\"url\":\"\",\"contentUrl\":\"\",\"caption\":\"Yoga CSA\"},\"image\":{\"@id\":\"https:\/\/yogacsa.com\/ca\/#\/schema\/logo\/image\/\"}}]}<\/script>\n<!-- \/ Yoast SEO plugin. -->","yoast_head_json":{"title":"Vinculaci\u00f3 amb la cl\u00ednica - Yoga CSA","description":"Descobreix el vincle entre Yoga CSA i la Cl\u00ednica Sant Antoni. Els beneficis del ioga terap\u00e8utic han estat provats cient\u00edficament, avaluats mitjan\u00e7ant l'escala Plugged.","robots":{"index":"index","follow":"follow","max-snippet":"max-snippet:-1","max-image-preview":"max-image-preview:large","max-video-preview":"max-video-preview:-1"},"canonical":"https:\/\/yogacsa.com\/ca\/vinculacio-amb-la-clinica\/","og_locale":"ca_ES","og_type":"article","og_title":"Vinculaci\u00f3 amb la cl\u00ednica - Yoga CSA","og_description":"Descobreix el vincle entre Yoga CSA i la Cl\u00ednica Sant Antoni. Els beneficis del ioga terap\u00e8utic han estat provats cient\u00edficament, avaluats mitjan\u00e7ant l'escala Plugged.","og_url":"https:\/\/yogacsa.com\/ca\/vinculacio-amb-la-clinica\/","og_site_name":"Yoga CSA","article_modified_time":"2026-03-16T16:09:02+00:00","twitter_card":"summary_large_image","twitter_misc":{"Temps estimat de lectura":"3 minuts"},"schema":{"@context":"https:\/\/schema.org","@graph":[{"@type":"WebPage","@id":"https:\/\/yogacsa.com\/ca\/vinculacio-amb-la-clinica\/","url":"https:\/\/yogacsa.com\/ca\/vinculacio-amb-la-clinica\/","name":"Vinculaci\u00f3 amb la cl\u00ednica - Yoga CSA","isPartOf":{"@id":"https:\/\/yogacsa.com\/ca\/#website"},"datePublished":"2025-12-10T10:21:07+00:00","dateModified":"2026-03-16T16:09:02+00:00","description":"Descobreix el vincle entre Yoga CSA i la Cl\u00ednica Sant Antoni. Els beneficis del ioga terap\u00e8utic han estat provats cient\u00edficament, avaluats mitjan\u00e7ant l'escala Plugged.","breadcrumb":{"@id":"https:\/\/yogacsa.com\/ca\/vinculacio-amb-la-clinica\/#breadcrumb"},"inLanguage":"ca","potentialAction":[{"@type":"ReadAction","target":["https:\/\/yogacsa.com\/ca\/vinculacio-amb-la-clinica\/"]}]},{"@type":"BreadcrumbList","@id":"https:\/\/yogacsa.com\/ca\/vinculacio-amb-la-clinica\/#breadcrumb","itemListElement":[{"@type":"ListItem","position":1,"name":"Portada","item":"https:\/\/yogacsa.com\/ca\/"},{"@type":"ListItem","position":2,"name":"Vinculaci\u00f3 amb la cl\u00ednica"}]},{"@type":"WebSite","@id":"https:\/\/yogacsa.com\/ca\/#website","url":"https:\/\/yogacsa.com\/ca\/","name":"Yoga CSA","description":"","publisher":{"@id":"https:\/\/yogacsa.com\/ca\/#organization"},"potentialAction":[{"@type":"SearchAction","target":{"@type":"EntryPoint","urlTemplate":"https:\/\/yogacsa.com\/ca\/?s={search_term_string}"},"query-input":{"@type":"PropertyValueSpecification","valueRequired":true,"valueName":"search_term_string"}}],"inLanguage":"ca"},{"@type":"Organization","@id":"https:\/\/yogacsa.com\/ca\/#organization","name":"Yoga CSA","url":"https:\/\/yogacsa.com\/ca\/","logo":{"@type":"ImageObject","inLanguage":"ca","@id":"https:\/\/yogacsa.com\/ca\/#\/schema\/logo\/image\/","url":"","contentUrl":"","caption":"Yoga CSA"},"image":{"@id":"https:\/\/yogacsa.com\/ca\/#\/schema\/logo\/image\/"}}]}},"_links":{"self":[{"href":"https:\/\/yogacsa.com\/ca\/wp-json\/wp\/v2\/pages\/230997","targetHints":{"allow":["GET"]}}],"collection":[{"href":"https:\/\/yogacsa.com\/ca\/wp-json\/wp\/v2\/pages"}],"about":[{"href":"https:\/\/yogacsa.com\/ca\/wp-json\/wp\/v2\/types\/page"}],"author":[{"embeddable":true,"href":"https:\/\/yogacsa.com\/ca\/wp-json\/wp\/v2\/users\/1"}],"replies":[{"embeddable":true,"href":"https:\/\/yogacsa.com\/ca\/wp-json\/wp\/v2\/comments?post=230997"}],"version-history":[{"count":2,"href":"https:\/\/yogacsa.com\/ca\/wp-json\/wp\/v2\/pages\/230997\/revisions"}],"predecessor-version":[{"id":231741,"href":"https:\/\/yogacsa.com\/ca\/wp-json\/wp\/v2\/pages\/230997\/revisions\/231741"}],"wp:attachment":[{"href":"https:\/\/yogacsa.com\/ca\/wp-json\/wp\/v2\/media?parent=230997"}],"curies":[{"name":"wp","href":"https:\/\/api.w.org\/{rel}","templated":true}]}}