{"id":230993,"date":"2025-12-10T10:35:58","date_gmt":"2025-12-10T09:35:58","guid":{"rendered":"https:\/\/yogacsa.com\/qui-som\/missio-visio-i-valors\/"},"modified":"2026-03-16T17:08:34","modified_gmt":"2026-03-16T16:08:34","slug":"missio-visio-i-valors","status":"publish","type":"page","link":"https:\/\/yogacsa.com\/ca\/missio-visio-i-valors\/","title":{"rendered":"Missi\u00f3, visi\u00f3 i valors"},"content":{"rendered":"<p>[et_pb_section fb_built=&#8221;1&#8243; admin_label=&#8221;section&#8221; _builder_version=&#8221;4.27.5&#8243; background_color=&#8221;rgba(0,0,0,0.2)&#8221; background_image=&#8221;https:\/\/yogacsa.com\/wp-content\/uploads\/2025\/12\/banner-mision.webp&#8221; background_position=&#8221;top_center&#8221; background_vertical_offset=&#8221;70%&#8221; background_blend=&#8221;overlay&#8221; height=&#8221;575px&#8221; max_height=&#8221;575px&#8221; bottom_divider_color=&#8221;#FFFFFF&#8221; bottom_divider_height=&#8221;40px&#8221; bottom_divider_repeat=&#8221;1x&#8221; bottom_divider_arrangement=&#8221;above_content&#8221; hover_enabled=&#8221;0&#8243; background_last_edited=&#8221;on|phone&#8221; background_position_tablet=&#8221;center_right&#8221; background_position_phone=&#8221;center_right&#8221; background_horizontal_offset_tablet=&#8221;19%&#8221; background_horizontal_offset_phone=&#8221;19%&#8221; custom_css_main_element=&#8221;display: flex;||flex-direction: column;||justify-content: center;&#8221; global_colors_info=&#8221;{}&#8221; sticky_enabled=&#8221;0&#8243;][et_pb_row admin_label=&#8221;row&#8221; _builder_version=&#8221;4.16&#8243; background_size=&#8221;initial&#8221; background_position=&#8221;top_left&#8221; background_repeat=&#8221;repeat&#8221; global_colors_info=&#8221;{}&#8221;][et_pb_column type=&#8221;4_4&#8243; _builder_version=&#8221;4.16&#8243; custom_padding=&#8221;|||&#8221; global_colors_info=&#8221;{}&#8221; custom_padding__hover=&#8221;|||&#8221;][et_pb_text _builder_version=&#8221;4.27.5&#8243; _module_preset=&#8221;default&#8221; header_font=&#8221;|||on|||||&#8221; header_text_align=&#8221;center&#8221; header_text_color=&#8221;#ebb393&#8243; header_font_size=&#8221;50px&#8221; header_line_height=&#8221;1.2em&#8221; header_font_size_tablet=&#8221;50px&#8221; header_font_size_phone=&#8221;40px&#8221; header_font_size_last_edited=&#8221;on|phone&#8221; global_colors_info=&#8221;{}&#8221;]<\/p>\n<h1>Missi\u00f3, visi\u00f3 i valors<\/h1>\n<p>[\/et_pb_text][\/et_pb_column][\/et_pb_row][\/et_pb_section][et_pb_section fb_built=&#8221;1&#8243; _builder_version=&#8221;4.27.5&#8243; _module_preset=&#8221;default&#8221; background_color=&#8221;#f8eade&#8221; custom_padding=&#8221;40px||40px||false|false&#8221; global_colors_info=&#8221;{}&#8221;][et_pb_row column_structure=&#8221;1_3,1_3,1_3&#8243; use_custom_gutter=&#8221;on&#8221; gutter_width=&#8221;1&#8243; make_equal=&#8221;on&#8221; _builder_version=&#8221;4.27.5&#8243; _module_preset=&#8221;default&#8221; background_color=&#8221;#f8eade&#8221; width=&#8221;90%&#8221; border_radii=&#8221;on|7px|7px|7px|7px&#8221; global_colors_info=&#8221;{}&#8221;][et_pb_column type=&#8221;1_3&#8243; _builder_version=&#8221;4.27.4&#8243; _module_preset=&#8221;default&#8221; custom_padding=&#8221;|50px||50px|false|true&#8221; global_colors_info=&#8221;{}&#8221;][et_pb_text _builder_version=&#8221;4.27.4&#8243; _module_preset=&#8221;default&#8221; header_2_text_align=&#8221;center&#8221; header_2_font_size=&#8221;31px&#8221; header_3_font=&#8221;Mukta|800|||||||&#8221; header_3_text_align=&#8221;center&#8221; header_3_text_color=&#8221;#223d65&#8243; header_3_font_size=&#8221;23px&#8221; header_3_line_height=&#8221;1.3em&#8221; custom_margin=&#8221;0px||0px||false|false&#8221; custom_padding=&#8221;0px||0px||false|false&#8221; global_colors_info=&#8221;{}&#8221;]<\/p>\n<h2>Missi\u00f3<\/h2>\n<p>[\/et_pb_text][et_pb_text _builder_version=&#8221;4.27.5&#8243; _module_preset=&#8221;default&#8221; text_font=&#8221;||||||||&#8221; text_text_color=&#8221;#000000&#8243; text_orientation=&#8221;center&#8221; custom_margin=&#8221;30px||0px||false|false&#8221; custom_padding=&#8221;0px||0px||false|false&#8221; global_colors_info=&#8221;{}&#8221;]<\/p>\n<p>Yoga CSA apropa el ioga a totes les persones, oferint una pr\u00e0ctica propera, accessible i honesta. En aquest sentit promovem l\u2019autocura i potenciem la consci\u00e8ncia i la salut tant f\u00edsica com ps\u00edquica. Aix\u00ed mateix, treballem el creixement personal a trav\u00e9s del moviment i la respiraci\u00f3.  <\/p>\n<p>[\/et_pb_text][\/et_pb_column][et_pb_column type=&#8221;1_3&#8243; _builder_version=&#8221;4.27.5&#8243; _module_preset=&#8221;default&#8221; custom_padding=&#8221;|50px||50px|false|true&#8221; custom_padding_tablet=&#8221;50px||50px||false|true&#8221; custom_padding_phone=&#8221;50px||50px||false|true&#8221; custom_padding_last_edited=&#8221;on|desktop&#8221; border_width_right=&#8221;1px&#8221; border_color_right=&#8221;#e7a781&#8243; border_width_left=&#8221;1px&#8221; border_color_left=&#8221;#e7a781&#8243; border_color_right_tablet=&#8221;RGBA(255,255,255,0)&#8221; border_color_right_phone=&#8221;RGBA(255,255,255,0)&#8221; border_color_right_last_edited=&#8221;on|tablet&#8221; border_color_left_tablet=&#8221;RGBA(255,255,255,0)&#8221; border_color_left_phone=&#8221;RGBA(255,255,255,0)&#8221; border_color_left_last_edited=&#8221;on|desktop&#8221; global_colors_info=&#8221;{}&#8221;][et_pb_text _builder_version=&#8221;4.27.4&#8243; _module_preset=&#8221;default&#8221; header_2_text_align=&#8221;center&#8221; header_2_font_size=&#8221;30px&#8221; header_3_font=&#8221;Mukta|800|||||||&#8221; header_3_text_align=&#8221;center&#8221; header_3_text_color=&#8221;#223d65&#8243; header_3_font_size=&#8221;23px&#8221; header_3_line_height=&#8221;1.3em&#8221; custom_margin=&#8221;0px||0px||false|false&#8221; custom_padding=&#8221;0px||0px||false|false&#8221; global_colors_info=&#8221;{}&#8221;]<\/p>\n<h2>Visi\u00f3<\/h2>\n<p>[\/et_pb_text][et_pb_text _builder_version=&#8221;4.27.5&#8243; _module_preset=&#8221;default&#8221; text_font=&#8221;||||||||&#8221; text_text_color=&#8221;#000000&#8243; text_orientation=&#8221;center&#8221; custom_margin=&#8221;30px||0px||false|false&#8221; custom_padding=&#8221;0px||0px||false|false&#8221; global_colors_info=&#8221;{}&#8221;]<\/p>\n<p>Ser un referente en Barcelona en la integraci\u00f3n del yoga como herramienta de bienestar integral, contribuyendo a una sociedad m\u00e1s consciente, compasiva y equilibrada.<\/p>\n<p>[\/et_pb_text][\/et_pb_column][et_pb_column type=&#8221;1_3&#8243; _builder_version=&#8221;4.27.4&#8243; _module_preset=&#8221;default&#8221; custom_padding=&#8221;|50px||50px|false|true&#8221; global_colors_info=&#8221;{}&#8221;][et_pb_text _builder_version=&#8221;4.27.4&#8243; _module_preset=&#8221;default&#8221; header_2_text_align=&#8221;center&#8221; header_2_font_size=&#8221;30px&#8221; header_3_font=&#8221;Mukta|800|||||||&#8221; header_3_text_align=&#8221;center&#8221; header_3_text_color=&#8221;#223d65&#8243; header_3_font_size=&#8221;23px&#8221; header_3_line_height=&#8221;1.3em&#8221; custom_margin=&#8221;0px||0px||false|false&#8221; custom_padding=&#8221;0px||0px||false|false&#8221; global_colors_info=&#8221;{}&#8221;]<\/p>\n<h2>Valors<\/h2>\n<p>[\/et_pb_text][et_pb_text _builder_version=&#8221;4.27.5&#8243; _module_preset=&#8221;default&#8221; text_font=&#8221;||||||||&#8221; text_text_color=&#8221;#000000&#8243; text_orientation=&#8221;center&#8221; custom_margin=&#8221;30px||0px||false|false&#8221; custom_padding=&#8221;0px||0px||false|false&#8221; global_colors_info=&#8221;{}&#8221;]<\/p>\n<p>El prop\u00f2sit de Yoga CSA \u00e9s plantejar un ioga inclusiu, modern i adaptat a tots els p\u00fablics i a la societat actual, sent totalment fidels i respectuosos amb les arrels ideol\u00f2giques i conceptuals que el van fer n\u00e9ixer.<\/p>\n<p>[\/et_pb_text][\/et_pb_column][\/et_pb_row][\/et_pb_section][et_pb_section fb_built=&#8221;1&#8243; _builder_version=&#8221;4.27.5&#8243; _module_preset=&#8221;default&#8221; background_color=&#8221;rgba(255,255,255,0.09)&#8221; background_image=&#8221;https:\/\/yogacsa.com\/wp-content\/uploads\/2026\/02\/equilibrio-bienestar-scaled.webp&#8221; background_position=&#8221;top_center&#8221; background_vertical_offset=&#8221;10%&#8221; background_blend=&#8221;overlay&#8221; height=&#8221;450px&#8221; max_height=&#8221;450px&#8221; custom_css_main_element=&#8221;display: flex;||flex-direction: column;||justify-content: center;&#8221; global_colors_info=&#8221;{}&#8221;][et_pb_row _builder_version=&#8221;4.27.4&#8243; _module_preset=&#8221;default&#8221; global_colors_info=&#8221;{}&#8221;][et_pb_column type=&#8221;4_4&#8243; _builder_version=&#8221;4.27.4&#8243; _module_preset=&#8221;default&#8221; global_colors_info=&#8221;{}&#8221;][et_pb_text _builder_version=&#8221;4.27.5&#8243; _module_preset=&#8221;default&#8221; text_text_color=&#8221;#000000&#8243; text_font_size=&#8221;26px&#8221; text_orientation=&#8221;center&#8221; global_colors_info=&#8221;{}&#8221;]<\/p>\n<p><strong>Apropat al ioga, connecta amb tu mateix i troba benestar i equilibri.<\/strong><\/p>\n<p>[\/et_pb_text][\/et_pb_column][\/et_pb_row][\/et_pb_section]<\/p>\n","protected":false},"excerpt":{"rendered":"<p>Missi\u00f3, visi\u00f3 i valorsMissi\u00f3Yoga CSA apropa el ioga a totes les persones, oferint una pr\u00e0ctica propera, accessible i honesta. En aquest sentit promovem l\u2019autocura i potenciem la consci\u00e8ncia i la salut tant f\u00edsica com ps\u00edquica. Aix\u00ed mateix, treballem el creixement personal a trav\u00e9s del moviment i la respiraci\u00f3. Visi\u00f3Ser un referente en Barcelona en la [&hellip;]<\/p>\n","protected":false},"author":1,"featured_media":0,"parent":0,"menu_order":13,"comment_status":"closed","ping_status":"closed","template":"","meta":{"_et_pb_use_builder":"on","_et_pb_old_content":"","_et_gb_content_width":"","footnotes":""},"class_list":["post-230993","page","type-page","status-publish","hentry"],"yoast_head":"<!-- This site is optimized with the Yoast SEO plugin v27.0 - https:\/\/yoast.com\/product\/yoast-seo-wordpress\/ -->\n<title>Missi\u00f3, visi\u00f3 i valors - Yoga CSA<\/title>\n<meta name=\"description\" content=\"Coneix els pilars que guien el nostre centre. Fomentem una pr\u00e0ctica de ioga accessible, honesta i centrada a transformar cos i ment.\" \/>\n<meta name=\"robots\" content=\"index, follow, max-snippet:-1, max-image-preview:large, max-video-preview:-1\" \/>\n<link rel=\"canonical\" href=\"https:\/\/yogacsa.com\/ca\/missio-visio-i-valors\/\" \/>\n<meta property=\"og:locale\" content=\"ca_ES\" \/>\n<meta property=\"og:type\" content=\"article\" \/>\n<meta property=\"og:title\" content=\"Missi\u00f3, visi\u00f3 i valors - Yoga CSA\" \/>\n<meta property=\"og:description\" content=\"Coneix els pilars que guien el nostre centre. Fomentem una pr\u00e0ctica de ioga accessible, honesta i centrada a transformar cos i ment.\" \/>\n<meta property=\"og:url\" content=\"https:\/\/yogacsa.com\/ca\/missio-visio-i-valors\/\" \/>\n<meta property=\"og:site_name\" content=\"Yoga CSA\" \/>\n<meta property=\"article:modified_time\" content=\"2026-03-16T16:08:34+00:00\" \/>\n<meta name=\"twitter:card\" content=\"summary_large_image\" \/>\n<meta name=\"twitter:label1\" content=\"Temps estimat de lectura\" \/>\n\t<meta name=\"twitter:data1\" content=\"4 minuts\" \/>\n<script type=\"application\/ld+json\" class=\"yoast-schema-graph\">{\"@context\":\"https:\/\/schema.org\",\"@graph\":[{\"@type\":\"WebPage\",\"@id\":\"https:\/\/yogacsa.com\/ca\/missio-visio-i-valors\/\",\"url\":\"https:\/\/yogacsa.com\/ca\/missio-visio-i-valors\/\",\"name\":\"Missi\u00f3, visi\u00f3 i valors - Yoga CSA\",\"isPartOf\":{\"@id\":\"https:\/\/yogacsa.com\/ca\/#website\"},\"datePublished\":\"2025-12-10T09:35:58+00:00\",\"dateModified\":\"2026-03-16T16:08:34+00:00\",\"description\":\"Coneix els pilars que guien el nostre centre. Fomentem una pr\u00e0ctica de ioga accessible, honesta i centrada a transformar cos i ment.\",\"breadcrumb\":{\"@id\":\"https:\/\/yogacsa.com\/ca\/missio-visio-i-valors\/#breadcrumb\"},\"inLanguage\":\"ca\",\"potentialAction\":[{\"@type\":\"ReadAction\",\"target\":[\"https:\/\/yogacsa.com\/ca\/missio-visio-i-valors\/\"]}]},{\"@type\":\"BreadcrumbList\",\"@id\":\"https:\/\/yogacsa.com\/ca\/missio-visio-i-valors\/#breadcrumb\",\"itemListElement\":[{\"@type\":\"ListItem\",\"position\":1,\"name\":\"Portada\",\"item\":\"https:\/\/yogacsa.com\/ca\/\"},{\"@type\":\"ListItem\",\"position\":2,\"name\":\"Missi\u00f3, visi\u00f3 i valors\"}]},{\"@type\":\"WebSite\",\"@id\":\"https:\/\/yogacsa.com\/ca\/#website\",\"url\":\"https:\/\/yogacsa.com\/ca\/\",\"name\":\"Yoga CSA\",\"description\":\"\",\"publisher\":{\"@id\":\"https:\/\/yogacsa.com\/ca\/#organization\"},\"potentialAction\":[{\"@type\":\"SearchAction\",\"target\":{\"@type\":\"EntryPoint\",\"urlTemplate\":\"https:\/\/yogacsa.com\/ca\/?s={search_term_string}\"},\"query-input\":{\"@type\":\"PropertyValueSpecification\",\"valueRequired\":true,\"valueName\":\"search_term_string\"}}],\"inLanguage\":\"ca\"},{\"@type\":\"Organization\",\"@id\":\"https:\/\/yogacsa.com\/ca\/#organization\",\"name\":\"Yoga CSA\",\"url\":\"https:\/\/yogacsa.com\/ca\/\",\"logo\":{\"@type\":\"ImageObject\",\"inLanguage\":\"ca\",\"@id\":\"https:\/\/yogacsa.com\/ca\/#\/schema\/logo\/image\/\",\"url\":\"\",\"contentUrl\":\"\",\"caption\":\"Yoga CSA\"},\"image\":{\"@id\":\"https:\/\/yogacsa.com\/ca\/#\/schema\/logo\/image\/\"}}]}<\/script>\n<!-- \/ Yoast SEO plugin. -->","yoast_head_json":{"title":"Missi\u00f3, visi\u00f3 i valors - Yoga CSA","description":"Coneix els pilars que guien el nostre centre. Fomentem una pr\u00e0ctica de ioga accessible, honesta i centrada a transformar cos i ment.","robots":{"index":"index","follow":"follow","max-snippet":"max-snippet:-1","max-image-preview":"max-image-preview:large","max-video-preview":"max-video-preview:-1"},"canonical":"https:\/\/yogacsa.com\/ca\/missio-visio-i-valors\/","og_locale":"ca_ES","og_type":"article","og_title":"Missi\u00f3, visi\u00f3 i valors - Yoga CSA","og_description":"Coneix els pilars que guien el nostre centre. Fomentem una pr\u00e0ctica de ioga accessible, honesta i centrada a transformar cos i ment.","og_url":"https:\/\/yogacsa.com\/ca\/missio-visio-i-valors\/","og_site_name":"Yoga CSA","article_modified_time":"2026-03-16T16:08:34+00:00","twitter_card":"summary_large_image","twitter_misc":{"Temps estimat de lectura":"4 minuts"},"schema":{"@context":"https:\/\/schema.org","@graph":[{"@type":"WebPage","@id":"https:\/\/yogacsa.com\/ca\/missio-visio-i-valors\/","url":"https:\/\/yogacsa.com\/ca\/missio-visio-i-valors\/","name":"Missi\u00f3, visi\u00f3 i valors - Yoga CSA","isPartOf":{"@id":"https:\/\/yogacsa.com\/ca\/#website"},"datePublished":"2025-12-10T09:35:58+00:00","dateModified":"2026-03-16T16:08:34+00:00","description":"Coneix els pilars que guien el nostre centre. Fomentem una pr\u00e0ctica de ioga accessible, honesta i centrada a transformar cos i ment.","breadcrumb":{"@id":"https:\/\/yogacsa.com\/ca\/missio-visio-i-valors\/#breadcrumb"},"inLanguage":"ca","potentialAction":[{"@type":"ReadAction","target":["https:\/\/yogacsa.com\/ca\/missio-visio-i-valors\/"]}]},{"@type":"BreadcrumbList","@id":"https:\/\/yogacsa.com\/ca\/missio-visio-i-valors\/#breadcrumb","itemListElement":[{"@type":"ListItem","position":1,"name":"Portada","item":"https:\/\/yogacsa.com\/ca\/"},{"@type":"ListItem","position":2,"name":"Missi\u00f3, visi\u00f3 i valors"}]},{"@type":"WebSite","@id":"https:\/\/yogacsa.com\/ca\/#website","url":"https:\/\/yogacsa.com\/ca\/","name":"Yoga CSA","description":"","publisher":{"@id":"https:\/\/yogacsa.com\/ca\/#organization"},"potentialAction":[{"@type":"SearchAction","target":{"@type":"EntryPoint","urlTemplate":"https:\/\/yogacsa.com\/ca\/?s={search_term_string}"},"query-input":{"@type":"PropertyValueSpecification","valueRequired":true,"valueName":"search_term_string"}}],"inLanguage":"ca"},{"@type":"Organization","@id":"https:\/\/yogacsa.com\/ca\/#organization","name":"Yoga CSA","url":"https:\/\/yogacsa.com\/ca\/","logo":{"@type":"ImageObject","inLanguage":"ca","@id":"https:\/\/yogacsa.com\/ca\/#\/schema\/logo\/image\/","url":"","contentUrl":"","caption":"Yoga CSA"},"image":{"@id":"https:\/\/yogacsa.com\/ca\/#\/schema\/logo\/image\/"}}]}},"_links":{"self":[{"href":"https:\/\/yogacsa.com\/ca\/wp-json\/wp\/v2\/pages\/230993","targetHints":{"allow":["GET"]}}],"collection":[{"href":"https:\/\/yogacsa.com\/ca\/wp-json\/wp\/v2\/pages"}],"about":[{"href":"https:\/\/yogacsa.com\/ca\/wp-json\/wp\/v2\/types\/page"}],"author":[{"embeddable":true,"href":"https:\/\/yogacsa.com\/ca\/wp-json\/wp\/v2\/users\/1"}],"replies":[{"embeddable":true,"href":"https:\/\/yogacsa.com\/ca\/wp-json\/wp\/v2\/comments?post=230993"}],"version-history":[{"count":2,"href":"https:\/\/yogacsa.com\/ca\/wp-json\/wp\/v2\/pages\/230993\/revisions"}],"predecessor-version":[{"id":231738,"href":"https:\/\/yogacsa.com\/ca\/wp-json\/wp\/v2\/pages\/230993\/revisions\/231738"}],"wp:attachment":[{"href":"https:\/\/yogacsa.com\/ca\/wp-json\/wp\/v2\/media?parent=230993"}],"curies":[{"name":"wp","href":"https:\/\/api.w.org\/{rel}","templated":true}]}}